{"id":97598,"date":"2024-08-21T19:29:12","date_gmt":"2024-08-21T17:29:12","guid":{"rendered":"https:\/\/secureus.se\/?post_type=product&#038;p=97598"},"modified":"2026-03-25T15:36:47","modified_gmt":"2026-03-25T14:36:47","slug":"trycke-696-58-75mm-nickel","status":"publish","type":"product","link":"https:\/\/secureus.se\/pl\/trycke-696-58-75mm-nickel\/","title":{"rendered":"Klamka Trycke 696 58-75mm Nikiel \u2013 Assa Abloy"},"content":{"rendered":"<p>\nASSA ABLOY 696 to klasyczna klamka z lat 50. i 60. XX wieku o dyskretnym i doskonale wykonanym designie. Funkcja jest wa\u017cna, ale troska o osob\u0119 jest nadal jasna. Uchwyt jest zatem ponadczasowy i pasuje wsz\u0119dzie. 696 nie posiada spr\u0119\u017cyny powrotnej i nale\u017cy do serii ASSA ABLOY Classic. Do drzwi zewn\u0119trznych i wewn\u0119trznych.<\/p>\n<div><\/div>\n<div><b>W\u0142a\u015bciwo\u015bci:<\/b><\/div>\n<div>\n<ul>\n<li>Materia\u0142: mosi\u0105dz<\/li>\n<li>Obr\u00f3bka powierzchniowa; Prion, nikiel, chrom, chrom matowy, mosi\u0105dz polerowany, mosi\u0105dz szczotkowany, czarny matowy MIRUS<\/li>\n<li>Standardowa dostawa dla drzwi o grubo\u015bci 58-75 mm<\/li>\n<li>Rozeta: \u00d8 52 mm<\/li>\n<li>Bez spr\u0119\u017cyny powrotnej w rozecie, co oznacza, \u017ce pasuje r\u00f3wnie\u017c do zamk\u00f3w drzwi wewn\u0119trznych typu 2014<\/li>\n<li>Nadaje si\u0119 do modu\u0142\u00f3w i ma\u0142ych obud\u00f3w zamk\u00f3w do drzwi wewn\u0119trznych<\/li>\n<\/ul>\n<p><b>Pakiet zawiera:<\/b><\/p>\n<ul>\n<li>2 szt. Zaci\u015bni\u0119cie po\u0142\u00f3wek (uchwyt\u00f3w).<\/li>\n<li>2 szt. \u015aruby dociskowe M5. (obr\u00f3\u0107 \u015brub\u0119)<\/li>\n<li>2 O-ringi.<\/li>\n<li>2 szt. Nakr\u0119tka tulejowa M5.<\/li>\n<li>1 szt. Trzpie\u0144 dociskowy 8x8x120 mm.<\/li>\n<\/ul>\n<\/div>","protected":false},"excerpt":{"rendered":"<p>ASSA ABLOY 696 to klasyczna klamka do drzwi z lat 50. i 60. XX wieku o dyskretnym i doskonale wykonanym designie. Funkcja jest wa\u017cna, ale troska o osob\u0119 jest nadal jasna. Dlatego uchwyt jest<\/p>","protected":false},"featured_media":137776,"template":"","meta":{"_acf_changed":false},"product_brand":[],"product_cat":[4124],"product_tag":[],"class_list":{"0":"post-97598","1":"product","2":"type-product","3":"status-publish","4":"has-post-thumbnail","6":"product_cat-dorrhandtag-innerdorr","7":"product_shipping_class-postnord-varubrev","8":"pa_brands-abloy","9":"tm-no-options","11":"first","12":"instock","13":"sale","14":"taxable","15":"shipping-taxable","16":"purchasable","17":"product-type-simple"},"acf":[],"_links":{"self":[{"href":"https:\/\/secureus.se\/pl\/wp-json\/wp\/v2\/product\/97598","targetHints":{"allow":["GET"]}}],"collection":[{"href":"https:\/\/secureus.se\/pl\/wp-json\/wp\/v2\/product"}],"about":[{"href":"https:\/\/secureus.se\/pl\/wp-json\/wp\/v2\/types\/product"}],"wp:featuredmedia":[{"embeddable":true,"href":"https:\/\/secureus.se\/pl\/wp-json\/wp\/v2\/media\/137776"}],"wp:attachment":[{"href":"https:\/\/secureus.se\/pl\/wp-json\/wp\/v2\/media?parent=97598"}],"wp:term":[{"taxonomy":"product_brand","embeddable":true,"href":"https:\/\/secureus.se\/pl\/wp-json\/wp\/v2\/product_brand?post=97598"},{"taxonomy":"product_cat","embeddable":true,"href":"https:\/\/secureus.se\/pl\/wp-json\/wp\/v2\/product_cat?post=97598"},{"taxonomy":"product_tag","embeddable":true,"href":"https:\/\/secureus.se\/pl\/wp-json\/wp\/v2\/product_tag?post=97598"}],"curies":[{"name":"wp","href":"https:\/\/api.w.org\/{rel}","templated":true}]}}