{"id":97602,"date":"2024-08-21T19:29:13","date_gmt":"2024-08-21T17:29:13","guid":{"rendered":"https:\/\/secureus.se\/?post_type=product&#038;p=97602"},"modified":"2026-04-08T15:38:49","modified_gmt":"2026-04-08T13:38:49","slug":"trycke-dh-7020-ip-35-95mm-krom","status":"publish","type":"product","link":"https:\/\/secureus.se\/pl\/trycke-dh-7020-ip-35-95mm-krom\/","title":{"rendered":"Klamka drzwiowa DH 7020-IP 35-95mm chrom \u2013 Dormakaba"},"content":{"rendered":"<p>Klamka DH 7020 wchodzi w sk\u0142ad nowej serii 7 dormakaby. DH 7020 posiada spr\u0119\u017cyn\u0119 powrotn\u0105, co oznacza, \u017ce pasuje do wszystkich drzwi posiadaj\u0105cych obudowy zamk\u00f3w w konstrukcji trzpieniowej 50 i 70 typu skandynawskiego. Spr\u0119\u017cyna powrotna docisku daje wyra\u017ane poczucie jako\u015bci i zwi\u0119ksza \u017cywotno\u015b\u0107 zar\u00f3wno docisku, jak i obudowy zamka drzwi. DH 7020 zast\u0119puje poprzedni model DH 720.<\/p>\n<div>\n<div><\/div>\n<div><b>W\u0142a\u015bciwo\u015bci:\u00a0<\/b><\/div>\n<div>\n<ul>\n<li>Do wszystkich drzwi wewn\u0119trznych<\/li>\n<li>Pasuje do modu\u0142owej obudowy zamka w standardzie skandynawskim (c\/c 30 mm)<\/li>\n<li>Nie pasuje do obudowy zamka ABLOY 2014 lub r\u00f3wnowa\u017cnego zamka do drzwi wewn\u0119trznych<\/li>\n<li>W zestawie \u015bruba, nakr\u0119tka tulejowa i popychacz.<\/li>\n<li>Pasuje do drzwi o grubo\u015bci 35-95 mm.<\/li>\n<li>Wykonane ze znalu.<\/li>\n<li>Obr\u00f3bka powierzchniowa: chromowana<\/li>\n<li>EN 1906, 200 000 cykli, klasa 4<\/li>\n<li>Produkt jest zgodny z dyrektyw\u0105 UE dotycz\u0105c\u0105 niklu 94\/27\/WE<\/li>\n<li>Oceniono w Byggvarubedomningen<\/li>\n<li>Rozeta \u00d8 52 mm<\/li>\n<li>Ze spr\u0119\u017cyn\u0105 powrotn\u0105 w rozecie<\/li>\n<\/ul>\n<\/div>\n<\/div>","protected":false},"excerpt":{"rendered":"<p>Popychacz drzwiowy DH 7020 jest cz\u0119\u015bci\u0105 nowej serii 7 dormakaby. DH 7020 posiada spr\u0119\u017cyn\u0119 powrotn\u0105, co oznacza, \u017ce pasuje do wszystkich drzwi wyposa\u017conych w obudowy zamk\u00f3w w wersjach 50 i 70 trzpieniowych<\/p>","protected":false},"featured_media":136568,"template":"","meta":{"_acf_changed":false},"product_brand":[],"product_cat":[4124],"product_tag":[],"class_list":{"0":"post-97602","1":"product","2":"type-product","3":"status-publish","4":"has-post-thumbnail","6":"product_cat-dorrhandtag-innerdorr","7":"product_shipping_class-postnord-varubrev","8":"pa_brands-dormakaba","9":"tm-no-options","11":"first","12":"instock","13":"sale","14":"taxable","15":"shipping-taxable","16":"purchasable","17":"product-type-simple"},"acf":[],"_links":{"self":[{"href":"https:\/\/secureus.se\/pl\/wp-json\/wp\/v2\/product\/97602","targetHints":{"allow":["GET"]}}],"collection":[{"href":"https:\/\/secureus.se\/pl\/wp-json\/wp\/v2\/product"}],"about":[{"href":"https:\/\/secureus.se\/pl\/wp-json\/wp\/v2\/types\/product"}],"wp:featuredmedia":[{"embeddable":true,"href":"https:\/\/secureus.se\/pl\/wp-json\/wp\/v2\/media\/136568"}],"wp:attachment":[{"href":"https:\/\/secureus.se\/pl\/wp-json\/wp\/v2\/media?parent=97602"}],"wp:term":[{"taxonomy":"product_brand","embeddable":true,"href":"https:\/\/secureus.se\/pl\/wp-json\/wp\/v2\/product_brand?post=97602"},{"taxonomy":"product_cat","embeddable":true,"href":"https:\/\/secureus.se\/pl\/wp-json\/wp\/v2\/product_cat?post=97602"},{"taxonomy":"product_tag","embeddable":true,"href":"https:\/\/secureus.se\/pl\/wp-json\/wp\/v2\/product_tag?post=97602"}],"curies":[{"name":"wp","href":"https:\/\/api.w.org\/{rel}","templated":true}]}}