{"id":97614,"date":"2024-08-21T19:29:13","date_gmt":"2024-08-21T17:29:13","guid":{"rendered":"https:\/\/secureus.se\/?post_type=product&#038;p=97614"},"modified":"2026-03-25T15:35:19","modified_gmt":"2026-03-25T14:35:19","slug":"trycke-6640-58-75mm-prion","status":"publish","type":"product","link":"https:\/\/secureus.se\/pl\/trycke-6640-58-75mm-prion\/","title":{"rendered":"Klamka Trycke 6640 58-75mm Prion \u2013 Assa Abloy"},"content":{"rendered":"<p>\nASSA ABLOY 6640 to klasyczna klamka do drzwi z lat 50. i 60. XX wieku, kt\u00f3ra do dzi\u015b cieszy si\u0119 du\u017cym uznaniem. Uchwyt ma dobrze wykonan\u0105 konstrukcj\u0119, kt\u00f3ra pasuje do wi\u0119kszo\u015bci \u015brodowisk i wytrzymuje wiele lat. 6640 jest cz\u0119\u015bci\u0105 serii ASSA ABLOY Classic. Nadaje si\u0119 do drzwi zewn\u0119trznych, wej\u015bciowych i wewn\u0119trznych z zamkami modu\u0142owymi.<\/p>\n<div><\/div>\n<div><b>W\u0142a\u015bciwo\u015bci:<\/b><\/div>\n<ul>\n<li>Materia\u0142: mosi\u0105dz.<\/li>\n<li>Obr\u00f3bka powierzchniowa: nikiel, prion, chrom matowy, mosi\u0105dz polerowany, mosi\u0105dz matowy i czarny matowy MIRUS.<\/li>\n<li>Spr\u0119\u017cyna powrotna, kt\u00f3ra odci\u0105\u017ca spr\u0119\u017cyn\u0119 wio\u015blarsk\u0105 obudowy zamka i pomaga utrzyma\u0107 ci\u015bnienie w pozycji poziomej.<\/li>\n<li>Rozeta: \u00d8 52 mm.<\/li>\n<li>Pasuje do obudowy zamka modu\u0142owego Connect \/ Classic<\/li>\n<li>Nie pasuje do obudowy zamka ABLOY 2014 lub r\u00f3wnowa\u017cnej skrzynki wewn\u0119trznej drzwi<\/li>\n<li>Standardowa dostawa dostosowana do grubo\u015bci drzwi 40-75 mm.<\/li>\n<li>Wymienny sworze\u0144 i \u015bruba do drzwi o r\u00f3\u017cnej grubo\u015bci.<\/li>\n<li>Ci\u0105g\u0142e mocowanie \u015brubowe wzmacniaj\u0105ce drzwi.<\/li>\n<\/ul>\n<div><b>Pakiet zawiera:<\/b><\/div>\n<div>\n<ul>\n<li>2 szt. Zaci\u015bni\u0119cie po\u0142\u00f3wek (uchwyt\u00f3w).<\/li>\n<li>2 szt. \u015aruby dociskowe M5. (obr\u00f3\u0107 \u015brub\u0119)<\/li>\n<li>2 O-ringi.<\/li>\n<li>2 szt. Nakr\u0119tka tulejowa M5.<\/li>\n<li>1 szt. Trzpie\u0144 dociskowy 8x8x120 mm.<\/li>\n<\/ul>\n<\/div>","protected":false},"excerpt":{"rendered":"<p>ASSA ABLOY 6640 to klasyczna klamka do drzwi z lat 50. i 60. XX wieku, kt\u00f3ra do dzi\u015b cieszy si\u0119 du\u017cym uznaniem. Uchwyt ma dobrze wykonan\u0105 konstrukcj\u0119, kt\u00f3ra pasuje do wi\u0119kszo\u015bci \u015brodowisk i<\/p>","protected":false},"featured_media":136543,"template":"","meta":{"_acf_changed":false},"product_brand":[],"product_cat":[4124,4125],"product_tag":[],"class_list":{"0":"post-97614","1":"product","2":"type-product","3":"status-publish","4":"has-post-thumbnail","6":"product_cat-dorrhandtag-innerdorr","7":"product_cat-dorrhandtag-ytterdorr","8":"product_shipping_class-postnord-varubrev","9":"pa_brands-abloy","10":"tm-no-options","12":"first","13":"instock","14":"sale","15":"taxable","16":"shipping-taxable","17":"purchasable","18":"product-type-simple"},"acf":[],"_links":{"self":[{"href":"https:\/\/secureus.se\/pl\/wp-json\/wp\/v2\/product\/97614","targetHints":{"allow":["GET"]}}],"collection":[{"href":"https:\/\/secureus.se\/pl\/wp-json\/wp\/v2\/product"}],"about":[{"href":"https:\/\/secureus.se\/pl\/wp-json\/wp\/v2\/types\/product"}],"wp:featuredmedia":[{"embeddable":true,"href":"https:\/\/secureus.se\/pl\/wp-json\/wp\/v2\/media\/136543"}],"wp:attachment":[{"href":"https:\/\/secureus.se\/pl\/wp-json\/wp\/v2\/media?parent=97614"}],"wp:term":[{"taxonomy":"product_brand","embeddable":true,"href":"https:\/\/secureus.se\/pl\/wp-json\/wp\/v2\/product_brand?post=97614"},{"taxonomy":"product_cat","embeddable":true,"href":"https:\/\/secureus.se\/pl\/wp-json\/wp\/v2\/product_cat?post=97614"},{"taxonomy":"product_tag","embeddable":true,"href":"https:\/\/secureus.se\/pl\/wp-json\/wp\/v2\/product_tag?post=97614"}],"curies":[{"name":"wp","href":"https:\/\/api.w.org\/{rel}","templated":true}]}}