{"id":97661,"date":"2024-08-21T19:29:14","date_gmt":"2024-08-21T17:29:14","guid":{"rendered":"https:\/\/secureus.se\/?post_type=product&#038;p=97661"},"modified":"2026-03-25T15:34:35","modified_gmt":"2026-03-25T14:34:35","slug":"trycke-6696-58-75mm-nickel","status":"publish","type":"product","link":"https:\/\/secureus.se\/pl\/trycke-6696-58-75mm-nickel\/","title":{"rendered":"Klamka Trycke 6696 58-75mm Nikiel \u2013 Assa Abloy"},"content":{"rendered":"<p>\nKlamka ASSA ABLOY 6696 to klasyk z lat 50. i 60. XX wieku. Tutaj w oryginalnej formie ze spr\u0119\u017cyn\u0105 powrotn\u0105. Ponadczasowy, dobrze wykonany design jest nadal bardzo ceniony i stosowany na wszelkiego rodzaju przedmiotach. 6696 jest cz\u0119\u015bci\u0105 serii ASSA ABLOY Classic. Nadaje si\u0119 do drzwi zewn\u0119trznych, wej\u015bciowych i wewn\u0119trznych z zamkami modu\u0142owymi.<\/p>\n<div><\/div>\n<div><b>W\u0142a\u015bciwo\u015bci:<\/b><\/div>\n<ul>\n<li>Materia\u0142: mosi\u0105dz.<\/li>\n<li>Obr\u00f3bka powierzchniowa: nikiel, prion, chrom matowy, mosi\u0105dz polerowany, mosi\u0105dz matowy, czarny matowy MIRUS i dodatek.<\/li>\n<li>Spr\u0119\u017cyna powrotna, kt\u00f3ra odci\u0105\u017ca spr\u0119\u017cyn\u0119 wio\u015blarsk\u0105 obudowy zamka i pomaga utrzyma\u0107 ci\u015bnienie w pozycji poziomej.<\/li>\n<li>Rozeta: \u00d8 52 mm.<\/li>\n<li>Pasuje do obudowy zamka modu\u0142owego Connect \/ Classic<\/li>\n<li>Nie pasuje do obudowy zamka ABLOY 2014 lub r\u00f3wnowa\u017cnej skrzynki wewn\u0119trznej drzwi<\/li>\n<li>Standardowa dostawa dostosowana do grubo\u015bci drzwi 58-75 mm.<\/li>\n<li>Wymienny sworze\u0144 i \u015bruba do drzwi o r\u00f3\u017cnej grubo\u015bci.<\/li>\n<li>Ci\u0105g\u0142e mocowanie \u015brubowe wzmacniaj\u0105ce drzwi.<\/li>\n<\/ul>\n<div><b>Pakiet zawiera:<\/b><\/div>\n<div>\n<ul>\n<li>2 szt. Zaci\u015bni\u0119cie po\u0142\u00f3wek (uchwyt\u00f3w).<\/li>\n<li>2 szt. \u015aruby dociskowe M5. (obr\u00f3\u0107 \u015brub\u0119)<\/li>\n<li>2 O-ringi.<\/li>\n<li>2 szt. Nakr\u0119tka tulejowa M5.<\/li>\n<li>1 szt. Trzpie\u0144 dociskowy 8x8x120 mm.<\/li>\n<\/ul>\n<\/div>","protected":false},"excerpt":{"rendered":"<p>Klamka ASSA ABLOY 6696 to klasyk z lat 50. i 60. XX wieku. Tutaj w oryginalnej formie ze spr\u0119\u017cyn\u0105 powrotn\u0105. Ponadczasowy, dobrze wykonany projekt jest nadal bardzo ceniony i u\u017cywany przez wszystkich<\/p>","protected":false},"featured_media":136768,"template":"","meta":{"_acf_changed":false},"product_brand":[],"product_cat":[4123,4124,4125],"product_tag":[],"class_list":{"0":"post-97661","1":"product","2":"type-product","3":"status-publish","4":"has-post-thumbnail","6":"product_cat-dorrhandtag-dorrtrycke-innerdorr-och-ytterdorr","7":"product_cat-dorrhandtag-innerdorr","8":"product_cat-dorrhandtag-ytterdorr","9":"product_shipping_class-postnord-varubrev","10":"pa_brands-abloy","11":"tm-no-options","13":"first","14":"instock","15":"sale","16":"taxable","17":"shipping-taxable","18":"purchasable","19":"product-type-simple"},"acf":[],"_links":{"self":[{"href":"https:\/\/secureus.se\/pl\/wp-json\/wp\/v2\/product\/97661","targetHints":{"allow":["GET"]}}],"collection":[{"href":"https:\/\/secureus.se\/pl\/wp-json\/wp\/v2\/product"}],"about":[{"href":"https:\/\/secureus.se\/pl\/wp-json\/wp\/v2\/types\/product"}],"wp:featuredmedia":[{"embeddable":true,"href":"https:\/\/secureus.se\/pl\/wp-json\/wp\/v2\/media\/136768"}],"wp:attachment":[{"href":"https:\/\/secureus.se\/pl\/wp-json\/wp\/v2\/media?parent=97661"}],"wp:term":[{"taxonomy":"product_brand","embeddable":true,"href":"https:\/\/secureus.se\/pl\/wp-json\/wp\/v2\/product_brand?post=97661"},{"taxonomy":"product_cat","embeddable":true,"href":"https:\/\/secureus.se\/pl\/wp-json\/wp\/v2\/product_cat?post=97661"},{"taxonomy":"product_tag","embeddable":true,"href":"https:\/\/secureus.se\/pl\/wp-json\/wp\/v2\/product_tag?post=97661"}],"curies":[{"name":"wp","href":"https:\/\/api.w.org\/{rel}","templated":true}]}}