{"id":97993,"date":"2024-08-30T13:02:27","date_gmt":"2024-08-30T11:02:27","guid":{"rendered":"https:\/\/secureus.se\/?post_type=product&#038;p=97993"},"modified":"2026-04-01T14:28:01","modified_gmt":"2026-04-01T12:28:01","slug":"hikvision-ds-7604nxi-k1-4p-pro-series-12mp-acusense-4-kanalig-40mbps-poe-1u-10tb-per-hdd-4k-nvr-2","status":"publish","type":"product","link":"https:\/\/secureus.se\/pl\/hikvision-ds-7604nxi-k1-4p-pro-series-12mp-acusense-4-kanalig-40mbps-poe-1u-10tb-per-hdd-4k-nvr-2\/","title":{"rendered":"Hikvision DS-7604NXI-K1\/4P \u2013 4-kana\u0142owy rejestrator NVR 4K z PoE i AcuSense AI (40 Mb\/s)"},"content":{"rendered":"<div class=\"headernamehrnone\">\n<h3 data-start=\"623\" data-end=\"696\">Hikvision DS-7604NXI-K1\/4P \u2013 p\u0142ynny rejestrator NVR z PoE i inteligentn\u0105 technologi\u0105 AI<\/h3>\n<p data-start=\"698\" data-end=\"923\"><strong data-start=\"698\" data-end=\"728\">Hikvision DS-7604NXI-K1\/4P<\/strong> to kompaktowy i niezawodny sieciowy rejestrator wideo (NVR) z wbudowanym PoE dla czterech kamer. Idealnie nadaje si\u0119 do dom\u00f3w, sklep\u00f3w i ma\u0142ych firm, kt\u00f3re potrzebuj\u0105 prostego i niezawodnego monitoringu wideo.<\/p>\n<p data-start=\"925\" data-end=\"1188\">Z obs\u0142ug\u0105 do <strong data-start=\"947\" data-end=\"982\">cztery kamery IP o rozdzielczo\u015bci 4K<\/strong> I <strong data-start=\"987\" data-end=\"1008\">Przepustowo\u015b\u0107 40 Mb\/s<\/strong> Mo\u017cesz by\u0107 pewien ostrych i stabilnych nagra\u0144. Rejestrator ma miejsce na <strong data-start=\"1088\" data-end=\"1121\">dysk twardy o pojemno\u015bci do 10 TB<\/strong>, co zapewnia du\u017c\u0105 ilo\u015b\u0107 miejsca do przechowywania nawet film\u00f3w o wysokiej rozdzielczo\u015bci.<\/p>\n<p data-start=\"1190\" data-end=\"1530\">Dzi\u0119ki <strong data-start=\"1200\" data-end=\"1222\">Technologia AcuSense<\/strong> System potrafi rozr\u00f3\u017cnia\u0107 ludzi od pojazd\u00f3w, minimalizuj\u0105c fa\u0142szywe alarmy. Mo\u017cna r\u00f3wnie\u017c skonfigurowa\u0107 inteligentne zdarzenia, takie jak wykrywanie wtargni\u0119cia i przekroczenia linii, co usprawnia monitoring. Ponadto system mo\u017ce wykonywa\u0107\u2026 <strong data-start=\"1452\" data-end=\"1473\">nagrywanie twarzy<\/strong> i przechowuj zarejestrowane twarze do p\u00f3\u017aniejszego przegl\u0105du.<\/p>\n<p data-start=\"1532\" data-end=\"1825\">Instalacja jest prosta: pod\u0142\u0105cz kamery bezpo\u015brednio do czterech port\u00f3w PoE, pod\u0142\u0105cz do telewizora lub monitora przez HDMI\/VGA i steruj systemem za pomoc\u0105 do\u0142\u0105czonej myszki. Za pomoc\u0105 aplikacji <strong data-start=\"1709\" data-end=\"1724\">Hik-Connect<\/strong> Otrzymujesz zdalny dost\u0119p za po\u015brednictwem smartfona, tabletu lub komputera PC \u2013 \u0142\u0105cznie z powiadomieniami push o zdarzeniach alarmowych.<\/p>\n<hr data-start=\"1827\" data-end=\"1830\" \/>\n<h3 data-start=\"1832\" data-end=\"1846\">Korzy\u015bci<\/h3>\n<ul data-start=\"1847\" data-end=\"2266\">\n<li data-start=\"1847\" data-end=\"1897\">\n<p data-start=\"1849\" data-end=\"1897\">Kompaktowy rejestrator NVR z wbudowanym zasilaczem (PoE)<\/p>\n<\/li>\n<li data-start=\"1898\" data-end=\"1948\">\n<p data-start=\"1900\" data-end=\"1948\">Obs\u0142uga do 4 kamer IP w rozdzielczo\u015bci 4K<\/p>\n<\/li>\n<li data-start=\"1949\" data-end=\"1982\">\n<p data-start=\"1951\" data-end=\"1982\">Przepustowo\u015b\u0107 do 40 Mb\/s<\/p>\n<\/li>\n<li data-start=\"1983\" data-end=\"2035\">\n<p data-start=\"1985\" data-end=\"2035\">AcuSense AI z wykrywaniem ludzi i pojazd\u00f3w<\/p>\n<\/li>\n<li data-start=\"2036\" data-end=\"2082\">\n<p data-start=\"2038\" data-end=\"2082\">Funkcje nagrywania twarzy i inteligentnego wyszukiwania<\/p>\n<\/li>\n<li data-start=\"2083\" data-end=\"2122\">\n<p data-start=\"2085\" data-end=\"2122\">Miejsce na 1 dysk twardy do 10 TB<\/p>\n<\/li>\n<li data-start=\"2123\" data-end=\"2169\">\n<p data-start=\"2125\" data-end=\"2169\">Wyj\u015bcia HDMI i VGA do pod\u0142\u0105czenia wy\u015bwietlacza<\/p>\n<\/li>\n<li data-start=\"2170\" data-end=\"2213\">\n<p data-start=\"2172\" data-end=\"2213\">\u0141atwa instalacja i sterowanie za pomoc\u0105 myszy<\/p>\n<\/li>\n<li data-start=\"2214\" data-end=\"2266\">\n<p data-start=\"2216\" data-end=\"2266\">Zdalny dost\u0119p i powiadomienia push za po\u015brednictwem aplikacji Hik-Connect<\/p>\n<\/li>\n<\/ul>\n<hr data-start=\"2268\" data-end=\"2271\" \/>\n<h3 data-start=\"2273\" data-end=\"2303\">Specyfikacje techniczne<\/h3>\n<div class=\"_tableContainer_1rjym_1\">\n<div class=\"_tableWrapper_1rjym_13 group flex w-fit flex-col-reverse\">\n<table class=\"w-fit min-w-(--thread-content-width)\" data-start=\"2305\" data-end=\"2872\">\n<thead data-start=\"2305\" data-end=\"2325\">\n<tr data-start=\"2305\" data-end=\"2325\">\n<th data-start=\"2305\" data-end=\"2316\" data-col-size=\"sm\">Nieruchomo\u015b\u0107<\/th>\n<th data-start=\"2316\" data-end=\"2325\" data-col-size=\"md\">Warto\u015b\u0107<\/th>\n<\/tr>\n<\/thead>\n<tbody data-start=\"2347\" data-end=\"2872\">\n<tr data-start=\"2347\" data-end=\"2376\">\n<td data-start=\"2347\" data-end=\"2356\" data-col-size=\"sm\">Model<\/td>\n<td data-start=\"2356\" data-end=\"2376\" data-col-size=\"md\">DS-7604NXI-K1\/4P<\/td>\n<\/tr>\n<tr data-start=\"2377\" data-end=\"2415\">\n<td data-start=\"2377\" data-end=\"2393\" data-col-size=\"sm\">Kana\u0142y kamer<\/td>\n<td data-start=\"2393\" data-end=\"2415\" data-col-size=\"md\">4 kamery IP (PoE)<\/td>\n<\/tr>\n<tr data-start=\"2416\" data-end=\"2447\">\n<td data-start=\"2416\" data-end=\"2429\" data-col-size=\"sm\">Rezolucja<\/td>\n<td data-start=\"2429\" data-end=\"2447\" data-col-size=\"md\">Do 12 MP<\/td>\n<\/tr>\n<tr data-start=\"2448\" data-end=\"2482\">\n<td data-start=\"2448\" data-end=\"2471\" data-col-size=\"sm\">Przepustowo\u015b\u0107 przychodz\u0105ca<\/td>\n<td data-start=\"2471\" data-end=\"2482\" data-col-size=\"md\">40 Mb\/s<\/td>\n<\/tr>\n<tr data-start=\"2483\" data-end=\"2526\">\n<td data-start=\"2483\" data-end=\"2497\" data-col-size=\"sm\">Format wideo<\/td>\n<td data-start=\"2497\" data-end=\"2526\" data-col-size=\"md\">H.265+\/H.265\/H.264+\/H.264<\/td>\n<\/tr>\n<tr data-start=\"2527\" data-end=\"2609\">\n<td data-start=\"2527\" data-end=\"2543\" data-col-size=\"sm\">Funkcje sztucznej inteligencji<\/td>\n<td data-start=\"2543\" data-end=\"2609\" data-col-size=\"md\">Wykrywanie ludzi\/pojazd\u00f3w, nagrywanie twarzy, inteligentne wyszukiwanie<\/td>\n<\/tr>\n<tr data-start=\"2610\" data-end=\"2647\">\n<td data-start=\"2610\" data-end=\"2620\" data-col-size=\"sm\">Sk\u0142adowanie<\/td>\n<td data-start=\"2620\" data-end=\"2647\" data-col-size=\"md\">1\u00d7 SATA, do 10TB<\/td>\n<\/tr>\n<tr data-start=\"2648\" data-end=\"2683\">\n<td data-start=\"2648\" data-end=\"2665\" data-col-size=\"sm\">Wyj\u015bcia wideo<\/td>\n<td data-start=\"2665\" data-end=\"2683\" data-col-size=\"md\">HDMI (4K), VGA<\/td>\n<\/tr>\n<tr data-start=\"2684\" data-end=\"2708\">\n<td data-start=\"2684\" data-end=\"2692\" data-col-size=\"sm\">Audio<\/td>\n<td data-start=\"2692\" data-end=\"2708\" data-col-size=\"md\">1\u00d7 wej\u015bcie, 1\u00d7 wyj\u015bcie<\/td>\n<\/tr>\n<tr data-start=\"2709\" data-end=\"2748\">\n<td data-start=\"2709\" data-end=\"2719\" data-col-size=\"sm\">Sie\u0107<\/td>\n<td data-start=\"2719\" data-end=\"2748\" data-col-size=\"md\">1\u00d7 RJ-45 10\/100\/1000 Mb\/s<\/td>\n<\/tr>\n<tr data-start=\"2749\" data-end=\"2769\">\n<td data-start=\"2749\" data-end=\"2755\" data-col-size=\"sm\">USB<\/td>\n<td data-start=\"2755\" data-end=\"2769\" data-col-size=\"md\">2\u00d7 USB 2.0<\/td>\n<\/tr>\n<tr data-start=\"2770\" data-end=\"2813\">\n<td data-start=\"2770\" data-end=\"2789\" data-col-size=\"sm\">Zasilanie<\/td>\n<td data-start=\"2789\" data-end=\"2813\" data-col-size=\"md\">48 V DC (wbudowane PoE)<\/td>\n<\/tr>\n<tr data-start=\"2814\" data-end=\"2842\">\n<td data-start=\"2814\" data-end=\"2821\" data-col-size=\"sm\">Mierzy\u0107<\/td>\n<td data-start=\"2821\" data-end=\"2842\" data-col-size=\"md\">315 \u00d7 240 \u00d7 48 mm<\/td>\n<\/tr>\n<tr data-start=\"2843\" data-end=\"2872\">\n<td data-start=\"2843\" data-end=\"2850\" data-col-size=\"sm\">Waga<\/td>\n<td data-start=\"2850\" data-end=\"2872\" data-col-size=\"md\">ok. 1 kg (bez dysku twardego)<\/td>\n<\/tr>\n<\/tbody>\n<\/table>\n<\/div>\n<\/div>\n<\/div>","protected":false},"excerpt":{"rendered":"<p>Przyst\u0119pny cenowo i kompaktowy rejestrator NVR z wbudowanym PoE dla czterech kamer IP. Zapewnia rozdzielczo\u015b\u0107 do 4K, obs\u0142uguje inteligentn\u0105 sztuczn\u0105 inteligencj\u0119 AcuSense z detekcj\u0105 os\u00f3b i pojazd\u00f3w, nagrywaniem twarzy oraz miejscem na dysk twardy o pojemno\u015bci do 10 TB.<\/p>","protected":false},"featured_media":137650,"template":"","meta":{"_acf_changed":false},"product_brand":[],"product_cat":[3358],"product_tag":[],"class_list":{"0":"post-97993","1":"product","2":"type-product","3":"status-publish","4":"has-post-thumbnail","6":"product_cat-nvr-network-video-recorder","7":"product_shipping_class-tunga-paket","8":"pa_brands-hikvision","9":"tm-no-options","11":"first","12":"instock","13":"sale","14":"taxable","15":"shipping-taxable","16":"purchasable","17":"product-type-simple"},"acf":[],"_links":{"self":[{"href":"https:\/\/secureus.se\/pl\/wp-json\/wp\/v2\/product\/97993","targetHints":{"allow":["GET"]}}],"collection":[{"href":"https:\/\/secureus.se\/pl\/wp-json\/wp\/v2\/product"}],"about":[{"href":"https:\/\/secureus.se\/pl\/wp-json\/wp\/v2\/types\/product"}],"wp:featuredmedia":[{"embeddable":true,"href":"https:\/\/secureus.se\/pl\/wp-json\/wp\/v2\/media\/137650"}],"wp:attachment":[{"href":"https:\/\/secureus.se\/pl\/wp-json\/wp\/v2\/media?parent=97993"}],"wp:term":[{"taxonomy":"product_brand","embeddable":true,"href":"https:\/\/secureus.se\/pl\/wp-json\/wp\/v2\/product_brand?post=97993"},{"taxonomy":"product_cat","embeddable":true,"href":"https:\/\/secureus.se\/pl\/wp-json\/wp\/v2\/product_cat?post=97993"},{"taxonomy":"product_tag","embeddable":true,"href":"https:\/\/secureus.se\/pl\/wp-json\/wp\/v2\/product_tag?post=97993"}],"curies":[{"name":"wp","href":"https:\/\/api.w.org\/{rel}","templated":true}]}}