{"id":97996,"date":"2024-08-30T13:02:27","date_gmt":"2024-08-30T11:02:27","guid":{"rendered":"https:\/\/secureus.se\/?post_type=product&#038;p=97996"},"modified":"2026-04-20T11:44:38","modified_gmt":"2026-04-20T09:44:38","slug":"hikvision-ds-7608nxi-k2-pro-series-4k-8-kanalig-nvr-80-mbps-2-sata","status":"publish","type":"product","link":"https:\/\/secureus.se\/pl\/hikvision-ds-7608nxi-k2-pro-series-4k-8-kanalig-nvr-80-mbps-2-sata\/","title":{"rendered":"Hikvision DS-7608NXI-K2 \u2013 8-kana\u0142owy rejestrator NVR 4K z AcuSense AI, 2 portami SATA i 80 Mb\/s"},"content":{"rendered":"<div class=\"headernamehrnone\">\n<h3 data-start=\"990\" data-end=\"1065\">Hikvision DS-7608NXI-K2 \u2013 niedrogi i niezawodny rejestrator NVR z technologi\u0105 AcuSense AI<\/h3>\n<p data-start=\"1067\" data-end=\"1325\"><strong data-start=\"1067\" data-end=\"1094\">Hikvision DS-7608NXI-K2<\/strong> to wydajny i niedrogi 8-kana\u0142owy sieciowy rejestrator wideo (NVR), kt\u00f3ry \u0142\u0105czy wszystkie kamery w jednym miejscu. Idealny dla os\u00f3b prywatnych, sklep\u00f3w i ma\u0142ych firm, kt\u00f3re chc\u0105\u2026 <strong data-start=\"1274\" data-end=\"1322\">prosty, niezawodny i inteligentny monitoring wideo<\/strong>.<\/p>\n<p data-start=\"1327\" data-end=\"1619\">Z <strong data-start=\"1331\" data-end=\"1382\">miejsce na maksymalnie 8 kamer IP w rozdzielczo\u015bci 4K<\/strong> I <strong data-start=\"1387\" data-end=\"1427\">2 dyski twarde (\u0142\u0105cznie do 32 TB)<\/strong> zapewnia du\u017c\u0105 pojemno\u015b\u0107 i elastyczno\u015b\u0107. Inteligentny <strong data-start=\"1490\" data-end=\"1516\">Technologia AcuSense AI<\/strong> potrafi odr\u00f3\u017cni\u0107 ludzi od pojazd\u00f3w, co zmniejsza liczb\u0119 fa\u0142szywych alarm\u00f3w i zwi\u0119ksza skuteczno\u015b\u0107 nadzoru.<\/p>\n<p data-start=\"1621\" data-end=\"1865\">Za po\u015brednictwem aplikacji <strong data-start=\"1631\" data-end=\"1646\">Hik-Connect<\/strong> Mo\u017cesz ogl\u0105da\u0107 wideo na \u017cywo, odtwarza\u0107 nagrania i otrzymywa\u0107 powiadomienia push bezpo\u015brednio na telefon kom\u00f3rkowy \u2013 niezale\u017cnie od tego, gdzie jeste\u015b. Instalacja jest prosta, a urz\u0105dzeniem mo\u017cna sterowa\u0107 za pomoc\u0105 myszy lub pod\u0142\u0105czy\u0107 je do telewizora\/monitora przez HDMI.<\/p>\n<hr data-start=\"1867\" data-end=\"1870\" \/>\n<h3 data-start=\"1872\" data-end=\"1887\">Zalety:<\/h3>\n<ul data-start=\"1888\" data-end=\"2301\">\n<li data-start=\"1888\" data-end=\"1931\">\n<p data-start=\"1890\" data-end=\"1931\">Przyst\u0119pny cenowo wyb\u00f3r dla dom\u00f3w i ma\u0142ych firm<\/p>\n<\/li>\n<li data-start=\"1932\" data-end=\"1982\">\n<p data-start=\"1934\" data-end=\"1982\">Obs\u0142uga do 8 kamer IP w rozdzielczo\u015bci 4K<\/p>\n<\/li>\n<li data-start=\"1983\" data-end=\"2050\">\n<p data-start=\"1985\" data-end=\"2050\">Miejsce na 2 dyski twarde (do 32 TB) zapewniaj\u0105ce wi\u0119ksz\u0105 niezawodno\u015b\u0107<\/p>\n<\/li>\n<li data-start=\"2051\" data-end=\"2109\">\n<p data-start=\"2053\" data-end=\"2109\">Inteligentna sztuczna inteligencja AcuSense z wykrywaniem ludzi i pojazd\u00f3w<\/p>\n<\/li>\n<li data-start=\"2110\" data-end=\"2163\">\n<p data-start=\"2112\" data-end=\"2163\">Monitorowanie na \u017cywo i odtwarzanie za po\u015brednictwem aplikacji Hik-Connect<\/p>\n<\/li>\n<li data-start=\"2164\" data-end=\"2199\">\n<p data-start=\"2166\" data-end=\"2199\">Wysy\u0142aj powiadomienia push bezpo\u015brednio na telefon kom\u00f3rkowy<\/p>\n<\/li>\n<li data-start=\"2200\" data-end=\"2247\">\n<p data-start=\"2202\" data-end=\"2247\">\u0141atwe sterowanie za pomoc\u0105 myszy lub telewizora\/monitora<\/p>\n<\/li>\n<li data-start=\"2248\" data-end=\"2301\">\n<p data-start=\"2250\" data-end=\"2301\">Hikvision \u2013 wiod\u0105ca na \u015bwiecie marka w dziedzinie bezpiecze\u0144stwa<\/p>\n<\/li>\n<\/ul>\n<hr data-start=\"2303\" data-end=\"2306\" \/>\n<h3 data-start=\"2308\" data-end=\"2339\">Dane techniczne:<\/h3>\n<div class=\"_tableContainer_1rjym_1\">\n<div class=\"_tableWrapper_1rjym_13 group flex w-fit flex-col-reverse\">\n<table class=\"w-fit min-w-(--thread-content-width)\" data-start=\"2341\" data-end=\"3117\">\n<thead data-start=\"2341\" data-end=\"2361\">\n<tr data-start=\"2341\" data-end=\"2361\">\n<th data-start=\"2341\" data-end=\"2352\" data-col-size=\"sm\">Nieruchomo\u015b\u0107<\/th>\n<th data-start=\"2352\" data-end=\"2361\" data-col-size=\"md\">Warto\u015b\u0107<\/th>\n<\/tr>\n<\/thead>\n<tbody data-start=\"2383\" data-end=\"3117\">\n<tr data-start=\"2383\" data-end=\"2409\">\n<td data-start=\"2383\" data-end=\"2392\" data-col-size=\"sm\">Model<\/td>\n<td data-start=\"2392\" data-end=\"2409\" data-col-size=\"md\">DS-7608NXI-K2<\/td>\n<\/tr>\n<tr data-start=\"2410\" data-end=\"2442\">\n<td data-start=\"2410\" data-end=\"2426\" data-col-size=\"sm\">Kana\u0142y kamer<\/td>\n<td data-start=\"2426\" data-end=\"2442\" data-col-size=\"md\">8 kamer IP<\/td>\n<\/tr>\n<tr data-start=\"2443\" data-end=\"2474\">\n<td data-start=\"2443\" data-end=\"2456\" data-col-size=\"sm\">Rezolucja<\/td>\n<td data-start=\"2456\" data-end=\"2474\" data-col-size=\"md\">Do 12 MP<\/td>\n<\/tr>\n<tr data-start=\"2475\" data-end=\"2509\">\n<td data-start=\"2475\" data-end=\"2498\" data-col-size=\"sm\">Przepustowo\u015b\u0107 przychodz\u0105ca<\/td>\n<td data-start=\"2498\" data-end=\"2509\" data-col-size=\"md\">80 Mb\/s<\/td>\n<\/tr>\n<tr data-start=\"2510\" data-end=\"2543\">\n<td data-start=\"2510\" data-end=\"2531\" data-col-size=\"sm\">Przepustowo\u015b\u0107 wychodz\u0105ca<\/td>\n<td data-start=\"2531\" data-end=\"2543\" data-col-size=\"md\">160 Mb\/s<\/td>\n<\/tr>\n<tr data-start=\"2544\" data-end=\"2593\">\n<td data-start=\"2544\" data-end=\"2564\" data-col-size=\"sm\">Kompresja wideo<\/td>\n<td data-start=\"2564\" data-end=\"2593\" data-col-size=\"md\">H.265+\/H.265\/H.264+\/H.264<\/td>\n<\/tr>\n<tr data-start=\"2594\" data-end=\"2678\">\n<td data-start=\"2594\" data-end=\"2610\" data-col-size=\"sm\">Funkcje sztucznej inteligencji<\/td>\n<td data-start=\"2610\" data-end=\"2678\" data-col-size=\"md\">Wykrywanie ludzi\/pojazd\u00f3w, rozpoznawanie twarzy, inteligentne odtwarzanie<\/td>\n<\/tr>\n<tr data-start=\"2679\" data-end=\"2740\">\n<td data-start=\"2679\" data-end=\"2689\" data-col-size=\"sm\">Sk\u0142adowanie<\/td>\n<td data-start=\"2689\" data-end=\"2740\" data-col-size=\"md\">2\u00d7 SATA, do 16 TB na dysk (\u0142\u0105cznie 32 TB)<\/td>\n<\/tr>\n<tr data-start=\"2741\" data-end=\"2789\">\n<td data-start=\"2741\" data-end=\"2752\" data-col-size=\"sm\">Wyj\u015bcia<\/td>\n<td data-start=\"2752\" data-end=\"2789\" data-col-size=\"md\">HDMI (4K), VGA (1080p), wyj\u015bcie audio<\/td>\n<\/tr>\n<tr data-start=\"2790\" data-end=\"2840\">\n<td data-start=\"2790\" data-end=\"2801\" data-col-size=\"sm\">Wej\u015bcia<\/td>\n<td data-start=\"2801\" data-end=\"2840\" data-col-size=\"md\">Wej\u015bcie audio, 4 wej\u015bcia alarmowe, 1 wyj\u015bcie alarmowe<\/td>\n<\/tr>\n<tr data-start=\"2841\" data-end=\"2885\">\n<td data-start=\"2841\" data-end=\"2847\" data-col-size=\"sm\">USB<\/td>\n<td data-start=\"2847\" data-end=\"2885\" data-col-size=\"md\">2\u00d7 USB 2.0 z przodu, 1\u00d7 USB 2.0 z ty\u0142u<\/td>\n<\/tr>\n<tr data-start=\"2886\" data-end=\"2927\">\n<td data-start=\"2886\" data-end=\"2896\" data-col-size=\"sm\">Sie\u0107<\/td>\n<td data-start=\"2896\" data-end=\"2927\" data-col-size=\"md\">1\u00d7 RJ-45 (10\/100\/1000 Mb\/s)<\/td>\n<\/tr>\n<tr data-start=\"2928\" data-end=\"2964\">\n<td data-start=\"2928\" data-end=\"2947\" data-col-size=\"sm\">Zasilanie<\/td>\n<td data-start=\"2947\" data-end=\"2964\" data-col-size=\"md\">12 V pr\u0105du sta\u0142ego, 3,3 A<\/td>\n<\/tr>\n<tr data-start=\"2965\" data-end=\"3005\">\n<td data-start=\"2965\" data-end=\"2984\" data-col-size=\"sm\">Zu\u017cycie energii<\/td>\n<td data-start=\"2984\" data-end=\"3005\" data-col-size=\"md\">\u2264 15 W (bez dysku twardego)<\/td>\n<\/tr>\n<tr data-start=\"3006\" data-end=\"3034\">\n<td data-start=\"3006\" data-end=\"3013\" data-col-size=\"sm\">Mierzy\u0107<\/td>\n<td data-start=\"3013\" data-end=\"3034\" data-col-size=\"md\">385 \u00d7 315 \u00d7 52 mm<\/td>\n<\/tr>\n<tr data-start=\"3035\" data-end=\"3063\">\n<td data-start=\"3035\" data-end=\"3042\" data-col-size=\"sm\">Waga<\/td>\n<td data-start=\"3042\" data-end=\"3063\" data-col-size=\"md\">\u2264 1 kg (bez dysku twardego)<\/td>\n<\/tr>\n<tr data-start=\"3064\" data-end=\"3117\">\n<td data-start=\"3064\" data-end=\"3081\" data-col-size=\"sm\">Certyfikaty<\/td>\n<td data-start=\"3081\" data-end=\"3117\" data-col-size=\"md\">CE, FCC, RoHS, Reach, UKCA, itp.<\/td>\n<\/tr>\n<\/tbody>\n<\/table>\n<\/div>\n<\/div>\n<\/div>","protected":false},"excerpt":{"rendered":"<p data-start=\"2834\" data-end=\"3023\">Przyst\u0119pny cenowo rejestrator NVR dla domu, firmy i ma\u0142ej firmy. Obs\u0142uga do 8 kamer IP, miejsce na 2 dyski twarde, inteligentna sztuczna inteligencja AcuSense z detekcj\u0105 os\u00f3b\/pojazd\u00f3w i powiadomieniami push w aplikacji.<\/p>","protected":false},"featured_media":137009,"template":"","meta":{"_acf_changed":false},"product_brand":[],"product_cat":[3358],"product_tag":[],"class_list":{"0":"post-97996","1":"product","2":"type-product","3":"status-publish","4":"has-post-thumbnail","6":"product_cat-nvr-network-video-recorder","7":"product_shipping_class-tunga-paket","8":"pa_brands-hikvision","9":"tm-no-options","11":"first","12":"instock","13":"sale","14":"taxable","15":"shipping-taxable","16":"purchasable","17":"product-type-simple"},"acf":[],"_links":{"self":[{"href":"https:\/\/secureus.se\/pl\/wp-json\/wp\/v2\/product\/97996","targetHints":{"allow":["GET"]}}],"collection":[{"href":"https:\/\/secureus.se\/pl\/wp-json\/wp\/v2\/product"}],"about":[{"href":"https:\/\/secureus.se\/pl\/wp-json\/wp\/v2\/types\/product"}],"wp:featuredmedia":[{"embeddable":true,"href":"https:\/\/secureus.se\/pl\/wp-json\/wp\/v2\/media\/137009"}],"wp:attachment":[{"href":"https:\/\/secureus.se\/pl\/wp-json\/wp\/v2\/media?parent=97996"}],"wp:term":[{"taxonomy":"product_brand","embeddable":true,"href":"https:\/\/secureus.se\/pl\/wp-json\/wp\/v2\/product_brand?post=97996"},{"taxonomy":"product_cat","embeddable":true,"href":"https:\/\/secureus.se\/pl\/wp-json\/wp\/v2\/product_cat?post=97996"},{"taxonomy":"product_tag","embeddable":true,"href":"https:\/\/secureus.se\/pl\/wp-json\/wp\/v2\/product_tag?post=97996"}],"curies":[{"name":"wp","href":"https:\/\/api.w.org\/{rel}","templated":true}]}}