{"id":98092,"date":"2024-09-03T10:47:26","date_gmt":"2024-09-03T08:47:26","guid":{"rendered":"https:\/\/secureus.se\/kabeltestare-trendnet-tc-nt2-natverkskabeltestare-med-tongenerator\/"},"modified":"2026-03-30T14:27:16","modified_gmt":"2026-03-30T12:27:16","slug":"kabeltestare-trendnet-tc-nt2-natverkskabeltestare-med-tongenerator","status":"publish","type":"product","link":"https:\/\/secureus.se\/pl\/kabeltestare-trendnet-tc-nt2-natverkskabeltestare-med-tongenerator\/","title":{"rendered":"Tester okablowania TRENDnet TC-NT2 Tester okablowania sieciowego z generatorem sygna\u0142u"},"content":{"rendered":"<h3 id=\"pdp_productoverview\" class=\"item-headertop rd-prod-overview-hygiene\">Tester okablowania TRENDnet TC-NT2 Tester okablowania sieciowego z generatorem sygna\u0142u<\/h3>\n<div class=\"pd-overview-details pd-show-full-overview\">\n<div class=\"headernamehrnone\">Tester okablowania sieciowego TRENDnet, model TC-NT2, to wszechstronny tester okablowania dla profesjonalist\u00f3w zajmuj\u0105cych si\u0119 sieci\u0105. Dok\u0142adnie sprawdza konfiguracje pin\u00f3w dla kabli Ethernet, kabli USB, kabli BNC i port\u00f3w panelu krosowego. TC-NT2 identyfikuje prawid\u0142owe, roz\u0142\u0105czone, zwarte i skrzy\u017cowane styki w przypadku kabli o d\u0142ugo\u015bci do 300 metr\u00f3w (984 st\u00f3p). Wszystkie komponenty mieszcz\u0105 si\u0119 w praktycznej walizce. ZAWARTO\u015a\u0106 PAKIETU: TC-NT2, skr\u00f3cona instrukcja instalacji, 2x adapter RJ-45-na-BNC, kabel sieciowy, walizka transportowa.<\/div>\n<div class=\"row headername\">\n<div class=\"item-header rd-hyg-item-header\"><strong>G\u0142\u00f3wne cechy<\/strong><\/div>\n<div class=\"row\">\n<ul>\n<li>Kompleksowy tester kabli dla profesjonalist\u00f3w sieciowych<\/li>\n<li>Testuje kable Ethernet, USB i BNC<\/li>\n<li>Dok\u0142adne testowanie konfiguracji pin\u00f3w dla kabli o d\u0142ugo\u015bci do 300 metr\u00f3w (984 st\u00f3p)<\/li>\n<li>Identyfikuje piny otwarte, zwarte i po\u0142\u0105czone krzy\u017cowo<\/li>\n<li>Skanowanie ci\u0105g\u0142e i skanowanie r\u0119czne<\/li>\n<li>Zawiera konwerter BNC na Ethernet<\/li>\n<li>Praktyczne etui podr\u00f3\u017cne<\/li>\n<\/ul>\n<\/div>\n<\/div>\n<\/div>","protected":false},"excerpt":{"rendered":"<p>TRENDnet TC-NT2 Tester kabli sieciowych z generatorem tonu<\/p>","protected":false},"featured_media":136922,"template":"","meta":{"_acf_changed":false},"product_brand":[],"product_cat":[4144],"product_tag":[],"class_list":{"0":"post-98092","1":"product","2":"type-product","3":"status-publish","4":"has-post-thumbnail","6":"product_cat-natverkskabel-tillbehor","7":"tm-no-options","9":"first","10":"onbackorder","11":"taxable","12":"shipping-taxable","13":"purchasable","14":"product-type-simple"},"acf":[],"_links":{"self":[{"href":"https:\/\/secureus.se\/pl\/wp-json\/wp\/v2\/product\/98092","targetHints":{"allow":["GET"]}}],"collection":[{"href":"https:\/\/secureus.se\/pl\/wp-json\/wp\/v2\/product"}],"about":[{"href":"https:\/\/secureus.se\/pl\/wp-json\/wp\/v2\/types\/product"}],"wp:featuredmedia":[{"embeddable":true,"href":"https:\/\/secureus.se\/pl\/wp-json\/wp\/v2\/media\/136922"}],"wp:attachment":[{"href":"https:\/\/secureus.se\/pl\/wp-json\/wp\/v2\/media?parent=98092"}],"wp:term":[{"taxonomy":"product_brand","embeddable":true,"href":"https:\/\/secureus.se\/pl\/wp-json\/wp\/v2\/product_brand?post=98092"},{"taxonomy":"product_cat","embeddable":true,"href":"https:\/\/secureus.se\/pl\/wp-json\/wp\/v2\/product_cat?post=98092"},{"taxonomy":"product_tag","embeddable":true,"href":"https:\/\/secureus.se\/pl\/wp-json\/wp\/v2\/product_tag?post=98092"}],"curies":[{"name":"wp","href":"https:\/\/api.w.org\/{rel}","templated":true}]}}