{"id":98252,"date":"2022-06-17T12:33:15","date_gmt":"2022-06-17T10:33:15","guid":{"rendered":"https:\/\/secureus.se\/ck-ecologic-med-ck-yoyo-3-monterad-lanyard-art-nr-a0031\/"},"modified":"2025-12-31T20:00:56","modified_gmt":"2025-12-31T19:00:56","slug":"ck-ecologic-med-ck-yoyo-3-monterad-lanyard-art-nr-a0031","status":"publish","type":"product","link":"https:\/\/secureus.se\/pl\/ck-ecologic-med-ck-yoyo-3-monterad-lanyard-art-nr-a0031\/","title":{"rendered":"CK Ecologic z CK Yoyo 3 + zamontowan\u0105 smycz\u0105 Nr art. A0031"},"content":{"rendered":"","protected":false},"excerpt":{"rendered":"<p>Popularny posiadacz karty<br \/>\nWytrzyma\u0142e jojo z do\u0142\u0105czon\u0105 smycz\u0105 10 mm<\/p>","protected":false},"featured_media":144260,"template":"","meta":{"_acf_changed":false},"product_brand":[],"product_cat":[2902,1676,1667,1875],"product_tag":[2960,2856,2416],"class_list":{"0":"post-98252","1":"product","2":"type-product","3":"status-publish","4":"has-post-thumbnail","6":"product_cat-jojo-yoyo-med-nyckelband-jojo-yoyo","7":"product_cat-jojos-och-nyckelringar","8":"product_cat-korthallare-passerkort-idkort","9":"product_cat-nyckelband","10":"product_tag-cardkeep-supplier","11":"product_tag-populara-kombinationer","12":"product_tag-rel-rfid-tillbehor","13":"product_shipping_class-postnord-varubrev","14":"pa_farg-svart","15":"tm-no-options","17":"first","18":"instock","19":"taxable","20":"shipping-taxable","21":"purchasable","22":"product-type-simple"},"acf":[],"_links":{"self":[{"href":"https:\/\/secureus.se\/pl\/wp-json\/wp\/v2\/product\/98252","targetHints":{"allow":["GET"]}}],"collection":[{"href":"https:\/\/secureus.se\/pl\/wp-json\/wp\/v2\/product"}],"about":[{"href":"https:\/\/secureus.se\/pl\/wp-json\/wp\/v2\/types\/product"}],"wp:featuredmedia":[{"embeddable":true,"href":"https:\/\/secureus.se\/pl\/wp-json\/wp\/v2\/media\/144260"}],"wp:attachment":[{"href":"https:\/\/secureus.se\/pl\/wp-json\/wp\/v2\/media?parent=98252"}],"wp:term":[{"taxonomy":"product_brand","embeddable":true,"href":"https:\/\/secureus.se\/pl\/wp-json\/wp\/v2\/product_brand?post=98252"},{"taxonomy":"product_cat","embeddable":true,"href":"https:\/\/secureus.se\/pl\/wp-json\/wp\/v2\/product_cat?post=98252"},{"taxonomy":"product_tag","embeddable":true,"href":"https:\/\/secureus.se\/pl\/wp-json\/wp\/v2\/product_tag?post=98252"}],"curies":[{"name":"wp","href":"https:\/\/api.w.org\/{rel}","templated":true}]}}