{"id":98379,"date":"2024-09-11T14:39:14","date_gmt":"2024-09-11T12:39:14","guid":{"rendered":"https:\/\/secureus.se\/?post_type=product&#038;p=98379"},"modified":"2026-03-10T11:04:10","modified_gmt":"2026-03-10T10:04:10","slug":"ajax-junctionbox-kopplingsbox-kameror-vit","status":"publish","type":"product","link":"https:\/\/secureus.se\/pl\/ajax-junctionbox-kopplingsbox-kameror-vit\/","title":{"rendered":"Kamery w skrzynce przy\u0142\u0105czeniowej Ajax JunctionBox Bia\u0142e"},"content":{"rendered":"<h3><strong>Ajax JunctionBox<\/strong> to idealne rozwi\u0105zanie do instalacji i zarz\u0105dzania kablami kamer Ajax Bullet, Turret i MiniDome.<\/h3>\n<p>Wykonana z trwa\u0142ego aluminium (ADC12) i wyposa\u017cona w wodoodporn\u0105 konstrukcj\u0119, ta skrzynka przy\u0142\u0105czeniowa jest solidna i bezpieczna w u\u017cyciu zar\u00f3wno w pomieszczeniach, jak i na zewn\u0105trz. Posiada stopie\u0144 ochrony IP66, co oznacza, \u017ce skutecznie chroni przed kurzem, wod\u0105 i innymi wp\u0142ywami \u015brodowiska, dzi\u0119ki czemu idealnie nadaje si\u0119 do monta\u017cu w ka\u017cdych warunkach pogodowych.<\/p>\n<p>Dzi\u0119ki dw\u00f3m wej\u015bciom kablowym \u2013 jednemu z boku i jednemu u g\u00f3ry \u2013 Ajax JunctionBox zapewnia elastyczne rozwi\u0105zanie do prowadzenia kabli. D\u0142awik kablowy zgodny ze standardem PG21 zapewnia, \u017ce kable pozostaj\u0105 bezpiecznie na swoim miejscu i zapobiegaj\u0105 niepo\u017c\u0105danemu ci\u0105gni\u0119ciu lub uszkodzeniu. Dzi\u0119ki temu instalacja jest \u0142atwiejsza i bardziej niezawodna, a jednocze\u015bnie zapewnia czyste i profesjonalne wyko\u0144czenie instalacji.<\/p>\n<p>Puszka przy\u0142\u0105czeniowa zosta\u0142a specjalnie zaprojektowana do monta\u017cu na betonowych \u015bcianach, sufitach lub kolumnach, dzi\u0119ki czemu jest wystarczaj\u0105co uniwersalna do u\u017cytku komercyjnego i prywatnego. Niezale\u017cnie od tego, czy instalujesz kamery wewn\u0105trz, czy na zewn\u0105trz, Ajax JunctionBox zapewnia trwa\u0142\u0105 i skuteczn\u0105 ochron\u0119 kabli i po\u0142\u0105cze\u0144.<\/p>\n<p><strong>Dane techniczne<\/strong>:<\/p>\n<ul>\n<li><strong>Zgodno\u015b\u0107<\/strong>: Kamery Ajax Bullet, Turret i MiniDome<\/li>\n<li><strong>Tworzywo<\/strong>: Aluminium ADC12<\/li>\n<li><strong>Klasa IP<\/strong>: IP66 (py\u0142oszczelna i wodoodporna)<\/li>\n<li><strong>Zakres temperatur<\/strong>: -25\u00b0C do +60\u00b0C<\/li>\n<li><strong>Wej\u015bcie kablowe<\/strong>: Standard PG21<\/li>\n<\/ul>\n<p><strong>Obszary zastosowa\u0144<\/strong>:<\/p>\n<ul>\n<li><strong>Rezydencje<\/strong>: Idealny do monta\u017cu na \u015bcianach, sufitach lub filarach w celu ochrony kabli podczas instalowania kamer.<\/li>\n<li><strong>Firmy i biura<\/strong>: Nadaje si\u0119 do obiekt\u00f3w komercyjnych, kt\u00f3re wymagaj\u0105 bezpiecznego i wydajnego zarz\u0105dzania kablami do kamer bezpiecze\u0144stwa.<\/li>\n<li><strong>Miejsca publiczne<\/strong>: Idealny do monitorowania i zapewniania bezpiecznych po\u0142\u0105cze\u0144 w obszarach publicznych lub wra\u017cliwych.<\/li>\n<\/ul>\n<p><strong>Pakiet zawiera<\/strong>:<\/p>\n<ul>\n<li>Ajax JunctionBox<\/li>\n<li>Zestaw monta\u017cowy<\/li>\n<li>Skr\u00f3cona instrukcja obs\u0142ugi<\/li>\n<\/ul>\n<p><strong>Wniosek<\/strong>: Ajax JunctionBox oferuje wydajne i bezpieczne rozwi\u0105zanie do instalacji kamer IP Ajax.<\/p>\n<p>Dzi\u0119ki trwa\u0142ej konstrukcji, wodoodporno\u015bci i \u0142atwemu zarz\u0105dzaniu kablami jest to niezawodny wyb\u00f3r zar\u00f3wno dla potrzeb bezpiecze\u0144stwa prywatnego, jak i komercyjnego.<\/p>","protected":false},"excerpt":{"rendered":"<p>Ajax JunctionBox to trwa\u0142a i wodoodporna skrzynka monta\u017cowa do kamer IP Ajax Bullet, Turret i MiniDome.<\/p>\n<p>Dzi\u0119ki stopniowi ochrony IP66 chroni przed \u017cywio\u0142ami i zapewnia bezpieczne zarz\u0105dzanie kablami.<\/p>","protected":false},"featured_media":151995,"template":"","meta":{"_acf_changed":false},"product_brand":[],"product_cat":[4011,3128],"product_tag":[4863],"class_list":{"0":"post-98379","1":"product","2":"type-product","3":"status-publish","4":"has-post-thumbnail","6":"product_cat-ajax-kameror","7":"product_cat-ajax-reservdelar-fasten","8":"product_tag-pf","9":"pa_brands-ajax-systems","10":"pa_farg-vit","11":"tm-no-options","13":"first","14":"instock","15":"sale","16":"taxable","17":"shipping-taxable","18":"purchasable","19":"product-type-simple"},"acf":[],"_links":{"self":[{"href":"https:\/\/secureus.se\/pl\/wp-json\/wp\/v2\/product\/98379","targetHints":{"allow":["GET"]}}],"collection":[{"href":"https:\/\/secureus.se\/pl\/wp-json\/wp\/v2\/product"}],"about":[{"href":"https:\/\/secureus.se\/pl\/wp-json\/wp\/v2\/types\/product"}],"wp:featuredmedia":[{"embeddable":true,"href":"https:\/\/secureus.se\/pl\/wp-json\/wp\/v2\/media\/151995"}],"wp:attachment":[{"href":"https:\/\/secureus.se\/pl\/wp-json\/wp\/v2\/media?parent=98379"}],"wp:term":[{"taxonomy":"product_brand","embeddable":true,"href":"https:\/\/secureus.se\/pl\/wp-json\/wp\/v2\/product_brand?post=98379"},{"taxonomy":"product_cat","embeddable":true,"href":"https:\/\/secureus.se\/pl\/wp-json\/wp\/v2\/product_cat?post=98379"},{"taxonomy":"product_tag","embeddable":true,"href":"https:\/\/secureus.se\/pl\/wp-json\/wp\/v2\/product_tag?post=98379"}],"curies":[{"name":"wp","href":"https:\/\/api.w.org\/{rel}","templated":true}]}}