{"id":98782,"date":"2024-09-27T15:02:51","date_gmt":"2024-09-27T13:02:51","guid":{"rendered":"https:\/\/secureus.se\/?post_type=product&#038;p=98782"},"modified":"2026-04-09T11:34:36","modified_gmt":"2026-04-09T09:34:36","slug":"switch-6-port-gigabit-ethernet-self-managed-switch-30w-poe-strom","status":"publish","type":"product","link":"https:\/\/secureus.se\/pl\/switch-6-port-gigabit-ethernet-self-managed-switch-30w-poe-strom\/","title":{"rendered":"Prze\u0142\u0105cznik 6-portowy Gigabit Ethernet Samozarz\u0105dzaj\u0105cy prze\u0142\u0105cznik o mocy 30 W PoE"},"content":{"rendered":"<h1>Prze\u0142\u0105cznik 6-portowy Gigabit Ethernet Samozarz\u0105dzaj\u0105cy prze\u0142\u0105cznik o mocy 30 W PoE<\/h1>\n<div class=\"headernamehrnone\">Odkryj wydajno\u015b\u0107 ComNet CNGE6FX2TX4PoE, kompaktowego 6-portowego prze\u0142\u0105cznika Gigabit Ethernet, kt\u00f3ry zwi\u0119ksza wydajno\u015b\u0107 i niezawodno\u015b\u0107 Twojej sieci. Ten samozarz\u0105dzaj\u0105cy prze\u0142\u0105cznik jest wyposa\u017cony w 2 porty SFP FX i 4 porty TX o mocy 30 W PoE+, co idealnie sprawdza si\u0119 w \u015brodowiskach o wysokich wymaganiach. Zawiera z\u0142\u0105cze listwy zaciskowej zapewniaj\u0105ce niezawodne po\u0142\u0105czenia i mo\u017cliwo\u015b\u0107 szybkiej konfiguracji w celu natychmiastowej rozbudowy sieci. Ciesz si\u0119 nieprzerwanym zasilaniem dzi\u0119ki PoE, zaawansowan\u0105 obs\u0142ug\u0105 warstwy 2 zapewniaj\u0105c\u0105 bezpiecze\u0144stwo operacji i wygodnym monta\u017cem na \u015bcianie, aby zachowa\u0107 porz\u0105dek w przestrzeni. Funkcje zarz\u0105dzania zapewniaj\u0105 optymaln\u0105 kontrol\u0119 i wydajno\u015b\u0107, z pr\u0119dko\u015bciami do 10 razy wi\u0119kszymi ni\u017c w przypadku standardowej sieci Ethernet i obs\u0142ug\u0105 \u015bwiat\u0142owod\u00f3w, co zapewnia wi\u0119kszy zasi\u0119g. Uaktualnij konfiguracj\u0119 swojej sieci ju\u017c dzi\u015b i ciesz si\u0119 bezproblemow\u0105 \u0142\u0105czno\u015bci\u0105!<\/div>\n<div class=\"row headername\">\n<div class=\"item-header rd-hyg-item-header\"><strong>G\u0142\u00f3wne cechy<\/strong><\/div>\n<div class=\"row\">\n<ul>\n<li>Stw\u00f3rz w\u0142asn\u0105 sie\u0107 LAN i pod\u0142\u0105cz sw\u00f3j komputer PC, laptop, drukark\u0119 i inne urz\u0105dzenia peryferyjne za pomoc\u0105 4 port\u00f3w<\/li>\n<li>Nie ma potrzeby stosowania przewod\u00f3w zasilaj\u0105cych ani gniazdek, prze\u0142\u0105cznik mo\u017ce pobiera\u0107 energi\u0119 ze \u017ar\u00f3d\u0142a PoE<\/li>\n<li>Dzi\u0119ki wiod\u0105cej obs\u0142udze warstwy 2 zyskujesz wi\u0119ksz\u0105 wygod\u0119, bezpiecze\u0144stwo operacji biznesowych i nieograniczone mo\u017cliwo\u015bci korzystania z sieci<\/li>\n<li>Dzi\u0119ki funkcji monta\u017cu na\u015bciennego z \u0142atwo\u015bci\u0105 zamontujesz wy\u0142\u0105cznik, a jednocze\u015bnie utrzymasz porz\u0105dek w przewodach i kablach<\/li>\n<li>Funkcja zarz\u0105dzania zapewnia kontrol\u0119 nad instalacj\u0105 i konfiguracj\u0105 sieci<\/li>\n<li>Do 10 razy szybsze ni\u017c standardowe po\u0142\u0105czenie z serwerem Ethernet, zapewniaj\u0105c jednocze\u015bnie wysok\u0105 wydajno\u015b\u0107 \u0142\u0105czy w g\u00f3r\u0119<\/li>\n<li>Obs\u0142uguje kabel \u015bwiat\u0142owodowy na wi\u0119ksze odleg\u0142o\u015bci i wysokie pr\u0119dko\u015bci przesy\u0142ania danych pomi\u0119dzy serwerami i komponentami sieci<\/li>\n<li>Do 10 razy szybsze ni\u017c standardowe po\u0142\u0105czenie z serwerem Ethernet, zapewniaj\u0105c jednocze\u015bnie wysok\u0105 wydajno\u015b\u0107 \u0142\u0105czy w g\u00f3r\u0119<\/li>\n<li>Obs\u0142uguje kabel \u015bwiat\u0142owodowy na wi\u0119ksze odleg\u0142o\u015bci i wysokie pr\u0119dko\u015bci przesy\u0142ania danych pomi\u0119dzy serwerami i komponentami sieci<\/li>\n<\/ul>\n<\/div>\n<\/div>","protected":false},"excerpt":{"rendered":"<p>ComNet CNGE6FX2TX4PoE Ma\u0142y, 6-portowy prze\u0142\u0105cznik Gigabit Ethernet do monta\u017cu powierzchniowego, 2 SFP FX, 4TX z zasilaniem PoE 30 W<\/p>","protected":false},"featured_media":136730,"template":"","meta":{"_acf_changed":false},"product_brand":[],"product_cat":[4148],"product_tag":[],"class_list":{"0":"post-98782","1":"product","2":"type-product","3":"status-publish","4":"has-post-thumbnail","6":"product_cat-poe-switchar","7":"pa_brands-ultratech","8":"tm-no-options","10":"first","11":"outofstock","12":"sale","13":"taxable","14":"shipping-taxable","15":"purchasable","16":"product-type-simple"},"acf":[],"_links":{"self":[{"href":"https:\/\/secureus.se\/pl\/wp-json\/wp\/v2\/product\/98782","targetHints":{"allow":["GET"]}}],"collection":[{"href":"https:\/\/secureus.se\/pl\/wp-json\/wp\/v2\/product"}],"about":[{"href":"https:\/\/secureus.se\/pl\/wp-json\/wp\/v2\/types\/product"}],"wp:featuredmedia":[{"embeddable":true,"href":"https:\/\/secureus.se\/pl\/wp-json\/wp\/v2\/media\/136730"}],"wp:attachment":[{"href":"https:\/\/secureus.se\/pl\/wp-json\/wp\/v2\/media?parent=98782"}],"wp:term":[{"taxonomy":"product_brand","embeddable":true,"href":"https:\/\/secureus.se\/pl\/wp-json\/wp\/v2\/product_brand?post=98782"},{"taxonomy":"product_cat","embeddable":true,"href":"https:\/\/secureus.se\/pl\/wp-json\/wp\/v2\/product_cat?post=98782"},{"taxonomy":"product_tag","embeddable":true,"href":"https:\/\/secureus.se\/pl\/wp-json\/wp\/v2\/product_tag?post=98782"}],"curies":[{"name":"wp","href":"https:\/\/api.w.org\/{rel}","templated":true}]}}