{"id":98784,"date":"2024-09-27T15:02:51","date_gmt":"2024-09-27T13:02:51","guid":{"rendered":"https:\/\/secureus.se\/?post_type=product&#038;p=98784"},"modified":"2026-04-09T11:33:28","modified_gmt":"2026-04-09T09:33:28","slug":"switch-axis-8-portars-industriell-poe-gigabitswitch-2-sfp-2-rj45-portar-240-w-rackmontering","status":"publish","type":"product","link":"https:\/\/secureus.se\/pl\/switch-axis-8-portars-industriell-poe-gigabitswitch-2-sfp-2-rj45-portar-240-w-rackmontering\/","title":{"rendered":"Switch Axis 8-portowy przemys\u0142owy prze\u0142\u0105cznik gigabitowy PoE 2 porty SFP 2 RJ45 240 W, monta\u017c w stojaku"},"content":{"rendered":"<h1>Switch 8-portowy przemys\u0142owy prze\u0142\u0105cznik gigabitowy PoE<\/h1>\n<h2>2 porty SFP 2 RJ45 240 W, monta\u017c w stojaku<\/h2>\n<div class=\"headernamehrnone\">Przemys\u0142owy prze\u0142\u0105cznik PoE AXIS T8504-R to zarz\u0105dzany przemys\u0142owy prze\u0142\u0105cznik Gigabit PoE++ z 4 portami. Dodatkowo prze\u0142\u0105cznik wyposa\u017cony jest w dwa porty danych RJ45 oraz dwa porty SFP, kt\u00f3re umo\u017cliwiaj\u0105 pod\u0142\u0105czenie dodatkowych urz\u0105dze\u0144.&nbsp;<\/p>\n<p><b>Do wymagaj\u0105cych instalacji<\/b><\/p>\n<p>Wytrzyma\u0142y prze\u0142\u0105cznik przemys\u0142owy zosta\u0142 opracowany z my\u015bl\u0105 o wymagaj\u0105cych \u015brodowiskach po zamontowaniu wewn\u0105trz szafy monitoruj\u0105cej. Zosta\u0142 zaprojektowany tak, aby wytrzyma\u0107 wstrz\u0105sy, wibracje i temperatury od -40\u00b0C do 75\u00b0C (-40\u00b0F do 167\u00b0F), dzi\u0119ki czemu idealnie nadaje si\u0119 do bardzo wymagaj\u0105cych instalacji, takich jak wzd\u0142u\u017c autostrad i tuneli.<\/p>\n<p><b>\u0141atwy w instalacji i konfiguracji<\/b><\/p>\n<p>Przemys\u0142owy prze\u0142\u0105cznik PoE AXIS T8504-R mo\u017cna \u0142atwo zainstalowa\u0107 za pomoc\u0105 standardowych narz\u0119dzi AXIS, takich jak AXIS IP Utility i AXIS Device Manager. Do kamery AXIS T8504-R do\u0142\u0105czone jest r\u00f3wnie\u017c indywidualne has\u0142o, \u0142atwa w obs\u0142udze instrukcja instalacji oraz kompleksowy zestaw narz\u0119dzi konfiguracyjnych, m.in. zintegrowany serwer DHCP do automatycznego przydzielania adres\u00f3w IP. Umo\u017cliwia tak\u017ce jeszcze bardziej zaawansowane konfiguracje sieci, takie jak protok\u00f3\u0142 Rapid Ring Protection Protocol, VLAN, QoS, bezpiecze\u0144stwo i drzewo opinaj\u0105ce, w celu dalszej optymalizacji ca\u0142ego rozwi\u0105zania.<\/p>\n<p><b>Ca\u0142kowity przegl\u0105d z unikalnym interfejsem u\u017cytkownika<\/b><\/p>\n<p>AXIS T8504-R wykorzystuje ten sam intuicyjny interfejs administratora, co seria prze\u0142\u0105cznik\u00f3w sieciowych AXIS T85 PoE. Unikalny graficzny interfejs u\u017cytkownika oferuje topologi\u0119 graficzn\u0105 umo\u017cliwiaj\u0105c\u0105 prosty przegl\u0105d wszystkich urz\u0105dze\u0144 w systemie. Graficzny interfejs u\u017cytkownika dostarcza informacji, statusu i powiadomie\u0144 o pod\u0142\u0105czonych urz\u0105dzeniach. Umo\u017cliwia zarz\u0105dzanie wszystkimi pod\u0142\u0105czonymi urz\u0105dzeniami, restartowanie kamer w systemie, monitorowanie ruchu sieciowego, diagnostyk\u0119 kabli i wiele wi\u0119cej.<\/p>\n<\/div>\n<div class=\"row headername\">\n<div class=\"item-header rd-hyg-item-header\"><strong>G\u0142\u00f3wne cechy<\/strong><\/div>\n<div class=\"row\">\n<ul>\n<li>Wysoka dost\u0119pno\u015b\u0107 dzi\u0119ki Rapid Ring<\/li>\n<li>Podw\u00f3jna redundancja dla pr\u0105du sta\u0142ego<\/li>\n<li>Zgodny z wysokim PoE 60W<\/li>\n<\/ul>\n<\/div>\n<\/div>","protected":false},"excerpt":{"rendered":"<p>8-portowy zarz\u0105dzalny przemys\u0142owy prze\u0142\u0105cznik gigabitowy PoE AXIS T8504-R T85 z 2 portami SFP i 2 RJ45, 240 W, do monta\u017cu w stojaku<\/p>","protected":false},"featured_media":136347,"template":"","meta":{"_acf_changed":false},"product_brand":[],"product_cat":[4148],"product_tag":[],"class_list":{"0":"post-98784","1":"product","2":"type-product","3":"status-publish","4":"has-post-thumbnail","6":"product_cat-poe-switchar","7":"pa_brands-axis","8":"tm-no-options","10":"first","11":"onbackorder","12":"sale","13":"taxable","14":"shipping-taxable","15":"purchasable","16":"product-type-simple"},"acf":[],"_links":{"self":[{"href":"https:\/\/secureus.se\/pl\/wp-json\/wp\/v2\/product\/98784","targetHints":{"allow":["GET"]}}],"collection":[{"href":"https:\/\/secureus.se\/pl\/wp-json\/wp\/v2\/product"}],"about":[{"href":"https:\/\/secureus.se\/pl\/wp-json\/wp\/v2\/types\/product"}],"wp:featuredmedia":[{"embeddable":true,"href":"https:\/\/secureus.se\/pl\/wp-json\/wp\/v2\/media\/136347"}],"wp:attachment":[{"href":"https:\/\/secureus.se\/pl\/wp-json\/wp\/v2\/media?parent=98784"}],"wp:term":[{"taxonomy":"product_brand","embeddable":true,"href":"https:\/\/secureus.se\/pl\/wp-json\/wp\/v2\/product_brand?post=98784"},{"taxonomy":"product_cat","embeddable":true,"href":"https:\/\/secureus.se\/pl\/wp-json\/wp\/v2\/product_cat?post=98784"},{"taxonomy":"product_tag","embeddable":true,"href":"https:\/\/secureus.se\/pl\/wp-json\/wp\/v2\/product_tag?post=98784"}],"curies":[{"name":"wp","href":"https:\/\/api.w.org\/{rel}","templated":true}]}}