{"id":98786,"date":"2024-09-27T15:02:52","date_gmt":"2024-09-27T13:02:52","guid":{"rendered":"https:\/\/secureus.se\/?post_type=product&#038;p=98786"},"modified":"2026-04-23T13:31:14","modified_gmt":"2026-04-23T11:31:14","slug":"switch-hikvision-pro-series-8-portars-poe-6xgb-poe-90-w","status":"publish","type":"product","link":"https:\/\/secureus.se\/pl\/switch-hikvision-pro-series-8-portars-poe-6xgb-poe-90-w\/","title":{"rendered":"Prze\u0142\u0105cznik Hikvision Pro Series 8-portowy PoE 6\u00d7Gb PoE 90 W"},"content":{"rendered":"<h1>Switch Hikvision DS-3E0510HP-E Pro Series 8-portowy prze\u0142\u0105cznik PoE bez zarz\u0105dzania<\/h1>\n<h2>6 x Gigabit PoE RJ45, 90 W<\/h2>\n<div class=\"headernamehrnone\">Prze\u0142\u0105czniki DS-3E0510HP-E to prze\u0142\u0105czniki Hi-PoE warstwy 2, kt\u00f3re zapewniaj\u0105 zaawansowan\u0105 technologi\u0119 zasilania PoE i konstrukcj\u0119 sieci Gigabit w oparciu o dost\u0119p o wysokiej wydajno\u015bci, aby zapewni\u0107 stabilne przesy\u0142anie danych. Prze\u0142\u0105czniki obs\u0142uguj\u0105 Hi-PoE, daleki zasi\u0119g, izolacj\u0119 port\u00f3w i funkcj\u0119 watchdog PoE.<\/div>\n<div><\/div>\n<div class=\"row headername\">\n<div class=\"item-header rd-hyg-item-header\"><strong>G\u0142\u00f3wne cechy<\/strong><\/div>\n<div class=\"row\">\n<ul>\n<li>Zasi\u0119g do 300 m.<\/li>\n<li>Obs\u0142uguje ekonomiczn\u0105 skr\u0119tk\u0119 dwu\u017cy\u0142ow\u0105 do szybkiej transmisji danych na odleg\u0142o\u015b\u0107 do 100 metr\u00f3w<\/li>\n<li>Port Gigabit Ethernet zapewniaj\u0105cy ultraszybk\u0105 pr\u0119dko\u015b\u0107 sieci<\/li>\n<\/ul>\n<\/div>\n<\/div>","protected":false},"excerpt":{"rendered":"<p>Hikvision DS-3E0510HP-E Pro Series 8-portowy prze\u0142\u0105cznik PoE bez zarz\u0105dzania, 6 \u00d7 Gigabit PoE RJ45, 90 W<\/p>","protected":false},"featured_media":136148,"template":"","meta":{"_acf_changed":false},"product_brand":[],"product_cat":[4148],"product_tag":[],"class_list":{"0":"post-98786","1":"product","2":"type-product","3":"status-publish","4":"has-post-thumbnail","6":"product_cat-poe-switchar","7":"pa_brands-hikvision","8":"tm-no-options","10":"first","11":"onbackorder","12":"sale","13":"taxable","14":"shipping-taxable","15":"purchasable","16":"product-type-simple"},"acf":[],"_links":{"self":[{"href":"https:\/\/secureus.se\/pl\/wp-json\/wp\/v2\/product\/98786","targetHints":{"allow":["GET"]}}],"collection":[{"href":"https:\/\/secureus.se\/pl\/wp-json\/wp\/v2\/product"}],"about":[{"href":"https:\/\/secureus.se\/pl\/wp-json\/wp\/v2\/types\/product"}],"wp:featuredmedia":[{"embeddable":true,"href":"https:\/\/secureus.se\/pl\/wp-json\/wp\/v2\/media\/136148"}],"wp:attachment":[{"href":"https:\/\/secureus.se\/pl\/wp-json\/wp\/v2\/media?parent=98786"}],"wp:term":[{"taxonomy":"product_brand","embeddable":true,"href":"https:\/\/secureus.se\/pl\/wp-json\/wp\/v2\/product_brand?post=98786"},{"taxonomy":"product_cat","embeddable":true,"href":"https:\/\/secureus.se\/pl\/wp-json\/wp\/v2\/product_cat?post=98786"},{"taxonomy":"product_tag","embeddable":true,"href":"https:\/\/secureus.se\/pl\/wp-json\/wp\/v2\/product_tag?post=98786"}],"curies":[{"name":"wp","href":"https:\/\/api.w.org\/{rel}","templated":true}]}}