{"id":98789,"date":"2024-09-27T15:02:52","date_gmt":"2024-09-27T13:02:52","guid":{"rendered":"https:\/\/secureus.se\/?post_type=product&#038;p=98789"},"modified":"2026-04-09T11:33:23","modified_gmt":"2026-04-09T09:33:23","slug":"switch-hikvision-smart-managed-series-24-port-poe-24x1-gbps-30w","status":"publish","type":"product","link":"https:\/\/secureus.se\/pl\/switch-hikvision-smart-managed-series-24-port-poe-24x1-gbps-30w\/","title":{"rendered":"Prze\u0142\u0105cznik Hikvision Smart Managed Series 24-portowy PoE 24\u00d71 Gbps 30W"},"content":{"rendered":"<h1>Prze\u0142\u0105cznik Hikvision DS-3E1526P-SI Seria Smart Managed 24-portowy zarz\u0105dzalny PoE<\/h1>\n<h2>24 \u00d7 1 Gb\/s PoE RJ45, 30 W<\/h2>\n<div class=\"headernamehrnone\">Inteligentnie zarz\u0105dzane prze\u0142\u0105czniki zosta\u0142y opracowane przez firm\u0119 hikvision i charakteryzuj\u0105 si\u0119 \u0142atw\u0105 obs\u0142ug\u0105 i konserwacj\u0105. Dzi\u0119ki naszym platformom oprogramowania mo\u017cesz \u0142atwo wdro\u017cy\u0107, monitorowa\u0107 i rozszerza\u0107 sw\u00f3j system bezpiecze\u0144stwa w dowolnym miejscu i czasie. Mo\u017cesz przegl\u0105da\u0107 topologi\u0119 sieci, monitorowa\u0107 stan sieci i odbiera\u0107 alarmy urz\u0105dze\u0144 w czasie rzeczywistym, co znacznie zmniejsza koszty eksploatacji i konserwacji sieci.<\/div>\n<div><\/div>\n<div class=\"row headername\">\n<div class=\"item-header rd-hyg-item-header\"><strong>G\u0142\u00f3wne cechy<\/strong><\/div>\n<div class=\"row\">\n<ul>\n<li>24 \u00d7 gigabitowe porty PoE i 2 \u00d7 gigabitowe porty \u015bwiat\u0142owodowe<\/li>\n<li>Standard IEEE 802.3 at\/af dla port\u00f3w PoE<\/li>\n<li>Zarz\u0105dzanie topologi\u0105 sieci, wysy\u0142anie alarm\u00f3w, monitorowanie stanu sieci<\/li>\n<li>Ochrona przeciwprzepi\u0119ciowa 6 KV dla port\u00f3w PoE.<\/li>\n<li>Kamera AF\/AT mo\u017ce osi\u0105gn\u0105\u0107 zasi\u0119g do 300 m w trybie przed\u0142u\u017cenia.<\/li>\n<li>PoE Watchdog do automatycznego wykrywania i ponownego uruchamiania niereaguj\u0105cych kamer<\/li>\n<li>R\u00f3\u017cne protoko\u0142y zarz\u0105dzania warstwy 2, takie jak STP\/RSTP, VLAN, agregacja \u0142\u0105czy, SNMP, QoS i tak dalej<\/li>\n<\/ul>\n<\/div>\n<\/div>","protected":false},"excerpt":{"rendered":"<p>Hikvision DS-3E1526P-SI Seria Smart Managed 24-portowy zarz\u0105dzalny prze\u0142\u0105cznik PoE, 24 \u00d7 1 Gbps PoE RJ45, 30 W<\/p>","protected":false},"featured_media":136334,"template":"","meta":{"_acf_changed":false},"product_brand":[],"product_cat":[4148],"product_tag":[],"class_list":{"0":"post-98789","1":"product","2":"type-product","3":"status-publish","4":"has-post-thumbnail","6":"product_cat-poe-switchar","7":"pa_brands-hikvision","8":"tm-no-options","10":"first","11":"instock","12":"sale","13":"taxable","14":"shipping-taxable","15":"purchasable","16":"product-type-simple"},"acf":[],"_links":{"self":[{"href":"https:\/\/secureus.se\/pl\/wp-json\/wp\/v2\/product\/98789","targetHints":{"allow":["GET"]}}],"collection":[{"href":"https:\/\/secureus.se\/pl\/wp-json\/wp\/v2\/product"}],"about":[{"href":"https:\/\/secureus.se\/pl\/wp-json\/wp\/v2\/types\/product"}],"wp:featuredmedia":[{"embeddable":true,"href":"https:\/\/secureus.se\/pl\/wp-json\/wp\/v2\/media\/136334"}],"wp:attachment":[{"href":"https:\/\/secureus.se\/pl\/wp-json\/wp\/v2\/media?parent=98789"}],"wp:term":[{"taxonomy":"product_brand","embeddable":true,"href":"https:\/\/secureus.se\/pl\/wp-json\/wp\/v2\/product_brand?post=98789"},{"taxonomy":"product_cat","embeddable":true,"href":"https:\/\/secureus.se\/pl\/wp-json\/wp\/v2\/product_cat?post=98789"},{"taxonomy":"product_tag","embeddable":true,"href":"https:\/\/secureus.se\/pl\/wp-json\/wp\/v2\/product_tag?post=98789"}],"curies":[{"name":"wp","href":"https:\/\/api.w.org\/{rel}","templated":true}]}}