{"id":98796,"date":"2024-09-27T15:02:52","date_gmt":"2024-09-27T13:02:52","guid":{"rendered":"https:\/\/secureus.se\/?post_type=product&#038;p=98796"},"modified":"2026-04-09T11:33:13","modified_gmt":"2026-04-09T09:33:13","slug":"switch18-portars-gigabit-poe-switch-36-gbps","status":"publish","type":"product","link":"https:\/\/secureus.se\/pl\/switch18-portars-gigabit-poe-switch-36-gbps\/","title":{"rendered":"Switch18-portowy gigabitowy prze\u0142\u0105cznik PoE 36 Gbps"},"content":{"rendered":"<div>\n<div class=\"product-description\">\n<h1 class=\"product-title-description\">SwitchTRENDnet TPE-BG182G 18-portowy Gigabit<\/h1>\n<h2 class=\"product-title-description\">Prze\u0142\u0105cznik PoE, 36 Gb\/s<\/h2>\n<\/div>\n<\/div>\n<div class=\"product-sku\">\n<p class=\"item-num-mfg\">\u2022 8 port\u00f3w Gigabit PoE++ (do 95 W)<br \/>\n\u2022 8 x porty Gigabit PoE+ (do 30W)<br \/>\n\u2022 2 x gigabitowe gniazda SFP<br \/>\n\u2022 Bud\u017cet mocy PoE 470 W<br \/>\n\u2022 Wydajno\u015b\u0107 prze\u0142\u0105czania 36 Gb\/s<br \/>\n\u2022 Wewn\u0119trzne zasilanie<br \/>\n\u2022 Solidna metalowa obudowa 1U 19\u201d do monta\u017cu w stojaku<\/p>\n<p class=\"item-num-mfg\">\nNiezarz\u0105dzalne prze\u0142\u0105czniki Gigabit PoE++ firmy TRENDnet zapewniaj\u0105 wysok\u0105 wydajno\u015b\u0107 przepustowo\u015bci, \u0142atwo\u015b\u0107 obs\u0142ugi i niezawodno\u015b\u0107.<\/p>\n<p class=\"item-num-mfg\">Tezy IEEE<br \/>\nPrze\u0142\u0105czniki zgodne ze standardem 802.3bt s\u0105 wyposa\u017cone w solidn\u0105 metalow\u0105 obudow\u0119 1U 19\u201d do monta\u017cu w szafie rack z do\u0142\u0105czonymi wspornikami monta\u017cowymi. Te wysokie<br \/>\nPrze\u0142\u0105czniki power PoE++ oferuj\u0105 r\u00f3wnie\u017c gniazda SFP do zastosowa\u0144 w sieciach \u015bwiat\u0142owodowych na du\u017ce odleg\u0142o\u015bci.<\/p>\n<p class=\"item-num-mfg\">\nInstalatorzy i integratorzy mog\u0105 zaoszcz\u0119dzi\u0107 na kosztach sprz\u0119tu i skr\u00f3ci\u0107 czas instalacji dzi\u0119ki niezarz\u0105dzanemu zasilaniu PoE++ du\u017cej mocy firmy TRENDnet<br \/>\nprze\u0142\u0105czniki, dostarczaj\u0105c do 95 W mocy PoE++ i danych na port za po\u015brednictwem istniej\u0105cych kabli Ethernet.<\/p>\n<p class=\"item-num-mfg\">Z \u0142atwo\u015bci\u0105 po\u0142\u0105cz w sie\u0107 urz\u0105dzenia PoE, takie jak<br \/>\njak bezprzewodowe punkty dost\u0119powe du\u017cej mocy, kamery PTZ, Digital Signage, dekodery IPTV, kontrola dost\u0119pu i wiele innych dzi\u0119ki tym wysokiej<br \/>\nprze\u0142\u0105czniki zasilania PoE++.<\/p>\n<p><span class=\"erpnumber-divider\">|<\/span><\/p>\n<p class=\"item-num-sku\">\n<\/div>","protected":false},"excerpt":{"rendered":"<p>TRENDnet TPE-BG182G 18-portowy gigabitowy prze\u0142\u0105cznik PoE, 36 Gb\/s<\/p>","protected":false},"featured_media":135950,"template":"","meta":{"_acf_changed":false},"product_brand":[],"product_cat":[4148],"product_tag":[],"class_list":{"0":"post-98796","1":"product","2":"type-product","3":"status-publish","4":"has-post-thumbnail","6":"product_cat-poe-switchar","7":"pa_brands-trendnet","8":"tm-no-options","10":"first","11":"onbackorder","12":"sale","13":"taxable","14":"shipping-taxable","15":"purchasable","16":"product-type-simple"},"acf":[],"_links":{"self":[{"href":"https:\/\/secureus.se\/pl\/wp-json\/wp\/v2\/product\/98796","targetHints":{"allow":["GET"]}}],"collection":[{"href":"https:\/\/secureus.se\/pl\/wp-json\/wp\/v2\/product"}],"about":[{"href":"https:\/\/secureus.se\/pl\/wp-json\/wp\/v2\/types\/product"}],"wp:featuredmedia":[{"embeddable":true,"href":"https:\/\/secureus.se\/pl\/wp-json\/wp\/v2\/media\/135950"}],"wp:attachment":[{"href":"https:\/\/secureus.se\/pl\/wp-json\/wp\/v2\/media?parent=98796"}],"wp:term":[{"taxonomy":"product_brand","embeddable":true,"href":"https:\/\/secureus.se\/pl\/wp-json\/wp\/v2\/product_brand?post=98796"},{"taxonomy":"product_cat","embeddable":true,"href":"https:\/\/secureus.se\/pl\/wp-json\/wp\/v2\/product_cat?post=98796"},{"taxonomy":"product_tag","embeddable":true,"href":"https:\/\/secureus.se\/pl\/wp-json\/wp\/v2\/product_tag?post=98796"}],"curies":[{"name":"wp","href":"https:\/\/api.w.org\/{rel}","templated":true}]}}