{"id":98802,"date":"2024-09-27T15:02:52","date_gmt":"2024-09-27T13:02:52","guid":{"rendered":"https:\/\/secureus.se\/?post_type=product&#038;p=98802"},"modified":"2026-04-09T11:33:05","modified_gmt":"2026-04-09T09:33:05","slug":"switch-trendnet-8-port-10-100mbps-poe-switch-16gbps","status":"publish","type":"product","link":"https:\/\/secureus.se\/pl\/switch-trendnet-8-port-10-100mbps-poe-switch-16gbps\/","title":{"rendered":"Prze\u0142\u0105cznik TRENDnet 8-portowy prze\u0142\u0105cznik PoE 10\/100Mbps 1,6Gbps"},"content":{"rendered":"<h1>Switch TRENDnet TPE-S44 8-portowy 10\/100Mbps<\/h1>\n<h2>Prze\u0142\u0105cznik PoE, 1,6 Gb\/s<\/h2>\n<p>8-portowy prze\u0142\u0105cznik PoE 10\/100Mbps<\/p>\n<p>TPE-S44 (v4.0R)<br \/>\n8-portowy prze\u0142\u0105cznik PoE 10\/100Mbps firmy TRENDnet, model TPE-S44, oferuje 4 porty PoE 10\/100Mbps, 4 porty 10\/100Mbps, zdolno\u015b\u0107 prze\u0142\u0105czania 1,6Gbps,<br \/>\ni bud\u017cet mocy PoE wynosz\u0105cy 30 W.<\/p>\n<p>Pod\u0142\u0105cz i u\u017cywaj tego wytrzyma\u0142ego metalowego prze\u0142\u0105cznika, aby zapewni\u0107 niezawodn\u0105, szybk\u0105 sie\u0107 PoE.<\/p>\n<p>\u2022 4 porty PoE 10\/100Mbps<br \/>\n\u2022 4 porty 10\/100Mbps<br \/>\n\u2022 Bud\u017cet mocy PoE 30 W<br \/>\n\u2022 Wydajno\u015b\u0107 prze\u0142\u0105czania 1,6 Gb\/s<br \/>\n\u2022 Solidny metalowy prze\u0142\u0105cznik<br \/>\n\u2022 Instalacja typu Plug and Play<br \/>\n\u2022 Ograniczona do\u017cywotnia gwarancja<\/p>","protected":false},"excerpt":{"rendered":"<p>TRENDnet TPE-S44 8-portowy prze\u0142\u0105cznik PoE 10\/100Mbps, 1,6Gbps<\/p>","protected":false},"featured_media":136686,"template":"","meta":{"_acf_changed":false},"product_brand":[],"product_cat":[4148],"product_tag":[],"class_list":{"0":"post-98802","1":"product","2":"type-product","3":"status-publish","4":"has-post-thumbnail","6":"product_cat-poe-switchar","7":"pa_brands-trendnet","8":"tm-no-options","10":"first","11":"onbackorder","12":"sale","13":"taxable","14":"shipping-taxable","15":"purchasable","16":"product-type-simple"},"acf":[],"_links":{"self":[{"href":"https:\/\/secureus.se\/pl\/wp-json\/wp\/v2\/product\/98802","targetHints":{"allow":["GET"]}}],"collection":[{"href":"https:\/\/secureus.se\/pl\/wp-json\/wp\/v2\/product"}],"about":[{"href":"https:\/\/secureus.se\/pl\/wp-json\/wp\/v2\/types\/product"}],"wp:featuredmedia":[{"embeddable":true,"href":"https:\/\/secureus.se\/pl\/wp-json\/wp\/v2\/media\/136686"}],"wp:attachment":[{"href":"https:\/\/secureus.se\/pl\/wp-json\/wp\/v2\/media?parent=98802"}],"wp:term":[{"taxonomy":"product_brand","embeddable":true,"href":"https:\/\/secureus.se\/pl\/wp-json\/wp\/v2\/product_brand?post=98802"},{"taxonomy":"product_cat","embeddable":true,"href":"https:\/\/secureus.se\/pl\/wp-json\/wp\/v2\/product_cat?post=98802"},{"taxonomy":"product_tag","embeddable":true,"href":"https:\/\/secureus.se\/pl\/wp-json\/wp\/v2\/product_tag?post=98802"}],"curies":[{"name":"wp","href":"https:\/\/api.w.org\/{rel}","templated":true}]}}