{"id":98804,"date":"2024-09-27T15:02:52","date_gmt":"2024-09-27T13:02:52","guid":{"rendered":"https:\/\/secureus.se\/?post_type=product&#038;p=98804"},"modified":"2026-04-09T11:33:04","modified_gmt":"2026-04-09T09:33:04","slug":"switch-ultratech-9-portars-gigabit-8-xpoe-130w","status":"publish","type":"product","link":"https:\/\/secureus.se\/pl\/switch-ultratech-9-portars-gigabit-8-xpoe-130w\/","title":{"rendered":"Prze\u0142\u0105cznik Ultratech 9-portowy Gigabit 8 xPoE 130W"},"content":{"rendered":"<h1>Prze\u0142\u0105cznik Ultratech 0E-9P8POEGIG 9-portowy<\/h1>\n<h2>Prze\u0142\u0105cznik gigabitowy z 8-PoE, 130W<\/h2>\n<div class=\"headernamehrnone\">\n<p>9-portowy \/ 8 PoE Gigabitowy prze\u0142\u0105cznik PoE jest w pe\u0142ni zintegrowany, aby wspiera\u0107 monitorowanie bezpiecze\u0144stwa, zapewnia szybkie przekazywanie pakiet\u00f3w, a tak\u017ce du\u017ce pr\u0119dko\u015bci transmisji Ethernet przy u\u017cyciu odpowiedniej przepustowo\u015bci, aby zapewni\u0107 wyra\u017ane obrazy\/p\u0142ynn\u0105 transmisj\u0119 i wystarczaj\u0105c\u0105 przepustowo\u015b\u0107 dla wideo w wysokiej rozdzielczo\u015bci.<\/p>\n<\/div>\n<div class=\"row headername\">\n<div class=\"item-header rd-hyg-item-header\"><strong>G\u0142\u00f3wne cechy<\/strong><\/div>\n<div class=\"row\">\n<ul>\n<li>8 port\u00f3w PoE 10\/100\/1000 Mbps<\/li>\n<li>1x port 10\/100\/1000Mbps<\/li>\n<li>\u0141atwa instalacja: Plug and Play<\/li>\n<li>Bud\u017cet PoE 130 W<\/li>\n<li>Wydajno\u015b\u0107 prze\u0142\u0105czania: 18 Gb\/s<\/li>\n<li>Stan portu: wska\u017anik LED<\/li>\n<li>Energooszcz\u0119dny prze\u0142\u0105cznik<\/li>\n<li>Gwarancja: Ograniczona do\u017cywotnia<\/li>\n<\/ul>\n<\/div>\n<\/div>","protected":false},"excerpt":{"rendered":"<p>Prze\u0142\u0105cznik Gigabit Ultratech 0E-9P8POEGIG 9-portowy z 8-PoE, 130W<\/p>","protected":false},"featured_media":135928,"template":"","meta":{"_acf_changed":false},"product_brand":[],"product_cat":[4148],"product_tag":[],"class_list":{"0":"post-98804","1":"product","2":"type-product","3":"status-publish","4":"has-post-thumbnail","6":"product_cat-poe-switchar","7":"pa_brands-ultratech","8":"tm-no-options","10":"first","11":"onbackorder","12":"taxable","13":"shipping-taxable","14":"purchasable","15":"product-type-simple"},"acf":[],"_links":{"self":[{"href":"https:\/\/secureus.se\/pl\/wp-json\/wp\/v2\/product\/98804","targetHints":{"allow":["GET"]}}],"collection":[{"href":"https:\/\/secureus.se\/pl\/wp-json\/wp\/v2\/product"}],"about":[{"href":"https:\/\/secureus.se\/pl\/wp-json\/wp\/v2\/types\/product"}],"wp:featuredmedia":[{"embeddable":true,"href":"https:\/\/secureus.se\/pl\/wp-json\/wp\/v2\/media\/135928"}],"wp:attachment":[{"href":"https:\/\/secureus.se\/pl\/wp-json\/wp\/v2\/media?parent=98804"}],"wp:term":[{"taxonomy":"product_brand","embeddable":true,"href":"https:\/\/secureus.se\/pl\/wp-json\/wp\/v2\/product_brand?post=98804"},{"taxonomy":"product_cat","embeddable":true,"href":"https:\/\/secureus.se\/pl\/wp-json\/wp\/v2\/product_cat?post=98804"},{"taxonomy":"product_tag","embeddable":true,"href":"https:\/\/secureus.se\/pl\/wp-json\/wp\/v2\/product_tag?post=98804"}],"curies":[{"name":"wp","href":"https:\/\/api.w.org\/{rel}","templated":true}]}}