{"id":98846,"date":"2024-09-30T14:44:49","date_gmt":"2024-09-30T12:44:49","guid":{"rendered":"https:\/\/secureus.se\/system-sensor-22051e-46-iv-optisk-analog-detektor-i-avancerad-serie\/"},"modified":"2026-04-24T12:47:07","modified_gmt":"2026-04-24T10:47:07","slug":"system-sensor-22051e-46-iv-optisk-analog-detektor-i-avancerad-serie","status":"publish","type":"product","link":"https:\/\/secureus.se\/pl\/system-sensor-22051e-46-iv-optisk-analog-detektor-i-avancerad-serie\/","title":{"rendered":"Czujnik systemu wykrywania dymu 22051E-46-IV Optyczny analogowy"},"content":{"rendered":"<div class=\"headernamehrnone\">\n<p>Fotoelektryczna czujka dymu 22051E\/EI charakteryzuje si\u0119 ca\u0142kowicie now\u0105 konstrukcj\u0105 komory detekcyjnej, b\u0119d\u0105c\u0105 wynikiem wielu lat bada\u0144 i projektowania firmy System Sensor. Zapewnia to lepsz\u0105 reakcj\u0119, zmniejszone zmiany czu\u0142o\u015bci spowodowane przez kurz i mniej fa\u0142szywych alarm\u00f3w spowodowanych wtargni\u0119ciem owad\u00f3w i innych zanieczyszcze\u0144. Wtyczka wykorzystuje wyrafinowany uk\u0142ad przetwarzaj\u0105cy, kt\u00f3ry zawiera filtry wyg\u0142adzaj\u0105ce, eliminuj\u0105ce przej\u015bciowe zak\u0142\u00f3cenia otoczenia, kt\u00f3re mog\u0105 by\u0107 przyczyn\u0105 niepo\u017c\u0105danych alarm\u00f3w. Urz\u0105dzeniami steruje si\u0119 poprzez wbudowane oprogramowanie, kt\u00f3re uruchamia z\u0142o\u017cone algorytmy, kt\u00f3re dodatkowo zwi\u0119kszaj\u0105 odporno\u015b\u0107 na fa\u0142szywe alarmy i zwi\u0119kszaj\u0105 szybko\u015b\u0107 wykrywania.<\/p>\n<\/div>\n<div class=\"row headername\">\n<h5 class=\"item-header rd-hyg-item-header\"><strong>G\u0142\u00f3wne cechy<\/strong><\/h5>\n<div class=\"row\">\n<ul>\n<li>Zawiera zaawansowany protok\u00f3\u0142 Series 200<\/li>\n<li>Dost\u0119pne z jednobiegunow\u0105 izolacj\u0105 zwarciow\u0105 lub bez niej, z kontrol\u0105 stanu<\/li>\n<li>Tr\u00f3jkolorowa dioda LED z kolorami czerwonym, zielonym i \u017c\u00f3\u0142tym<\/li>\n<li>Prze\u0142\u0105cznik dla rotacyjnych adres\u00f3w dekadowych<\/li>\n<li>Czysty bia\u0142y kolor pasuj\u0105cy do nowoczesnych budynk\u00f3w<\/li>\n<li>Kompatybilno\u015b\u0107 mechaniczna i elektryczna 100% wstecz<\/li>\n<li>Nowa konstrukcja podstawy, kt\u00f3ra uzupe\u0142nia czujk\u0119<\/li>\n<\/ul>\n<\/div>\n<\/div>\n<div><\/div>","protected":false},"excerpt":{"rendered":"<ul class=\"mainfeatureslist\">\n<li>Zawiera zaawansowany protok\u00f3\u0142 Series 200<\/li>\n<li>Dost\u0119pne z jednobiegunow\u0105 izolacj\u0105 zwarciow\u0105 lub bez niej, z kontrol\u0105 stanu<\/li>\n<li>Tr\u00f3jkolorowa dioda LED z kolorami czerwonym, zielonym i \u017c\u00f3\u0142tym<\/li>\n<\/ul>\n<p><strong>Zast\u0119puje 2251EM<\/strong><\/p>","protected":false},"featured_media":136646,"template":"","meta":{"_acf_changed":false},"product_brand":[],"product_cat":[4753],"product_tag":[],"class_list":{"0":"post-98846","1":"product","2":"type-product","3":"status-publish","4":"has-post-thumbnail","6":"product_cat-200-serien","7":"pa_brands-system-sensor","8":"tm-no-options","10":"first","11":"instock","12":"sale","13":"taxable","14":"shipping-taxable","15":"purchasable","16":"product-type-simple"},"acf":[],"_links":{"self":[{"href":"https:\/\/secureus.se\/pl\/wp-json\/wp\/v2\/product\/98846","targetHints":{"allow":["GET"]}}],"collection":[{"href":"https:\/\/secureus.se\/pl\/wp-json\/wp\/v2\/product"}],"about":[{"href":"https:\/\/secureus.se\/pl\/wp-json\/wp\/v2\/types\/product"}],"wp:featuredmedia":[{"embeddable":true,"href":"https:\/\/secureus.se\/pl\/wp-json\/wp\/v2\/media\/136646"}],"wp:attachment":[{"href":"https:\/\/secureus.se\/pl\/wp-json\/wp\/v2\/media?parent=98846"}],"wp:term":[{"taxonomy":"product_brand","embeddable":true,"href":"https:\/\/secureus.se\/pl\/wp-json\/wp\/v2\/product_brand?post=98846"},{"taxonomy":"product_cat","embeddable":true,"href":"https:\/\/secureus.se\/pl\/wp-json\/wp\/v2\/product_cat?post=98846"},{"taxonomy":"product_tag","embeddable":true,"href":"https:\/\/secureus.se\/pl\/wp-json\/wp\/v2\/product_tag?post=98846"}],"curies":[{"name":"wp","href":"https:\/\/api.w.org\/{rel}","templated":true}]}}