{"id":99616,"date":"2024-10-15T13:31:41","date_gmt":"2024-10-15T11:31:41","guid":{"rendered":"https:\/\/secureus.se\/varmedetektor-4351e-a-system-sensor-78c-konventionell-s300-termisk-detektor-med-fast-temperatur\/"},"modified":"2026-04-23T13:30:52","modified_gmt":"2026-04-23T11:30:52","slug":"varmedetektor-4351e-a-system-sensor-78c-konventionell-s300-termisk-detektor-med-fast-temperatur","status":"publish","type":"product","link":"https:\/\/secureus.se\/pl\/varmedetektor-4351e-a-system-sensor-78c-konventionell-s300-termisk-detektor-med-fast-temperatur\/","title":{"rendered":"Detektor ciep\u0142a 4351E-A Czujnik systemowy 78\u00b0C \u2014 konwencjonalny czujnik termiczny o sta\u0142ej temperaturze S300"},"content":{"rendered":"<h1>Detektor ciep\u0142a 4351E-A Czujnik systemowy 78\u00b0C \u2014 konwencjonalny czujnik termiczny o sta\u0142ej temperaturze S300<\/h1>\n<p class=\"\" data-start=\"565\" data-end=\"867\">System Sensor 4351E-A to konwencjonalny detektor termiczny nale\u017c\u0105cy do serii S300, kt\u00f3ry oferuje niezawodne rozwi\u0105zanie do wykrywania po\u017caru w \u015brodowiskach, w kt\u00f3rych wyst\u0119puj\u0105 szybkie zmiany temperatury.<\/p>\n<p class=\"\" data-start=\"565\" data-end=\"867\">Dzi\u0119ki sta\u0142ej temperaturze 78\u00b0C czujnik ten szybko reaguje na ogie\u0144 i zmiany temperatury.<\/p>\n<p class=\"\" data-start=\"869\" data-end=\"1178\">Detektor wyposa\u017cono w zaawansowany element termiczny i uk\u0142ad scalony ASIC przeznaczony do konkretnych zastosowa\u0144, co gwarantuje dok\u0142adne i szybkie wykrywanie.<\/p>\n<p class=\"\" data-start=\"869\" data-end=\"1178\">Aby ograniczy\u0107 ryzyko fa\u0142szywych alarm\u00f3w pomi\u0119dzy wizytami konserwacyjnymi, detektor wyposa\u017cono tak\u017ce w komor\u0119 odporn\u0105 na kurz, zapewniaj\u0105c\u0105 optymaln\u0105 wydajno\u015b\u0107 wykrywania.<\/p>\n<p class=\"\" data-start=\"1180\" data-end=\"1510\">Dwukolorowa dioda LED pokazuje stan detektora (zielona \u2013 normalna praca, czerwona \u2013 alarm).<\/p>\n<p class=\"\" data-start=\"1180\" data-end=\"1510\">Aby jeszcze bardziej u\u0142atwi\u0107 konserwacj\u0119, mo\u017cna go u\u017cywa\u0107 w po\u0142\u0105czeniu z przeno\u015bnym urz\u0105dzeniem testowym, kt\u00f3re umo\u017cliwia zdalne programowanie i testowanie detektora.<\/p>\n<p class=\"\" data-start=\"1180\" data-end=\"1510\">Jest wstecznie kompatybilny z podstawami serii 100 i posiada szeroki zakres napi\u0119cia roboczego 8-30 V DC.<\/p>","protected":false},"excerpt":{"rendered":"<p>4351E-A to termiczny detektor ciep\u0142a o sta\u0142ej temperaturze 78\u00b0C, umo\u017cliwiaj\u0105cy szybkie i dok\u0142adne wykrywanie po\u017caru na podstawie pomiaru poziomu temperatury i jej zmian.<\/p>\n<p>Idealnie nadaje si\u0119 do stosowania w \u015brodowiskach, w kt\u00f3rych wyst\u0119puj\u0105 szybkie zmiany temperatury.<\/p>","protected":false},"featured_media":136108,"template":"","meta":{"_acf_changed":false},"product_brand":[],"product_cat":[4754,4157],"product_tag":[],"class_list":{"0":"post-99616","1":"product","2":"type-product","3":"status-publish","4":"has-post-thumbnail","6":"product_cat-system-sensor-300-serien","7":"product_cat-varmedetektor","8":"pa_brands-system-sensor","9":"tm-no-options","11":"first","12":"instock","13":"sale","14":"taxable","15":"shipping-taxable","16":"purchasable","17":"product-type-simple"},"acf":[],"_links":{"self":[{"href":"https:\/\/secureus.se\/pl\/wp-json\/wp\/v2\/product\/99616","targetHints":{"allow":["GET"]}}],"collection":[{"href":"https:\/\/secureus.se\/pl\/wp-json\/wp\/v2\/product"}],"about":[{"href":"https:\/\/secureus.se\/pl\/wp-json\/wp\/v2\/types\/product"}],"wp:featuredmedia":[{"embeddable":true,"href":"https:\/\/secureus.se\/pl\/wp-json\/wp\/v2\/media\/136108"}],"wp:attachment":[{"href":"https:\/\/secureus.se\/pl\/wp-json\/wp\/v2\/media?parent=99616"}],"wp:term":[{"taxonomy":"product_brand","embeddable":true,"href":"https:\/\/secureus.se\/pl\/wp-json\/wp\/v2\/product_brand?post=99616"},{"taxonomy":"product_cat","embeddable":true,"href":"https:\/\/secureus.se\/pl\/wp-json\/wp\/v2\/product_cat?post=99616"},{"taxonomy":"product_tag","embeddable":true,"href":"https:\/\/secureus.se\/pl\/wp-json\/wp\/v2\/product_tag?post=99616"}],"curies":[{"name":"wp","href":"https:\/\/api.w.org\/{rel}","templated":true}]}}