{"id":99785,"date":"2024-10-17T11:47:39","date_gmt":"2024-10-17T09:47:39","guid":{"rendered":"https:\/\/secureus.se\/?post_type=product&#038;p=99785"},"modified":"2026-04-08T15:28:38","modified_gmt":"2026-04-08T13:28:38","slug":"pakorningsskydd-for-trycke-vred","status":"publish","type":"product","link":"https:\/\/secureus.se\/pl\/pakorningsskydd-for-trycke-vred\/","title":{"rendered":"Ochrona przed kolizj\u0105 dla Trycke\/Vred"},"content":{"rendered":"<div>FLEXSTOP Ochrona przed kolizj\u0105 zapobiega uszkodzeniu pokr\u0119te\u0142\/pras w przypadku zderzenia si\u0119 z nimi w\u00f3zk\u00f3w\/naczy\u0144. Os\u0142on\u0119 przeciwuderzeniow\u0105 mocuje si\u0119 za pokr\u0119t\u0142em lub wciskiem i przykr\u0119ca 2 \u015brubami do tylnej kraw\u0119dzi os\u0142ony. W zestawie znajduj\u0105 si\u0119 wkr\u0119ty samowierc\u0105ce i wkr\u0119ty do drewna.<\/div>\n<div><\/div>\n<div><b>W\u0142a\u015bciwo\u015bci:<\/b><\/div>\n<div>\n<ul>\n<li>Prosty monta\u017c.<\/li>\n<li>Montowany za ga\u0142k\u0105 lub popychaczem, w zale\u017cno\u015bci od wysoko\u015bci w\u00f3zka\/naczynia.<\/li>\n<li>Materia\u0142: stal nierdzewna<\/li>\n<\/ul>\n<\/div>","protected":false},"excerpt":{"rendered":"<p>Zabezpieczenie przed kolizj\u0105 FLEXSTOP zapobiega uszkodzeniu pokr\u0119te\u0142\/pras w przypadku zderzenia si\u0119 z nimi w\u00f3zk\u00f3w\/naczy\u0144. Os\u0142on\u0119 przeciwuderzeniow\u0105 mocuje si\u0119 za pokr\u0119t\u0142em lub wciskiem i przykr\u0119ca 2 \u015brubami do tylnej kraw\u0119dzi os\u0142ony. Wkr\u0119t samowierc\u0105cy i<\/p>","protected":false},"featured_media":137496,"template":"","meta":{"_acf_changed":false},"product_brand":[],"product_cat":[4176],"product_tag":[],"class_list":{"0":"post-99785","1":"product","2":"type-product","3":"status-publish","4":"has-post-thumbnail","6":"product_cat-tillbehor-dorrhandtag","7":"product_shipping_class-tunga-paket","8":"pa_brands-flexstop","9":"tm-no-options","11":"first","12":"outofstock","13":"taxable","14":"shipping-taxable","15":"purchasable","16":"product-type-simple"},"acf":[],"_links":{"self":[{"href":"https:\/\/secureus.se\/pl\/wp-json\/wp\/v2\/product\/99785","targetHints":{"allow":["GET"]}}],"collection":[{"href":"https:\/\/secureus.se\/pl\/wp-json\/wp\/v2\/product"}],"about":[{"href":"https:\/\/secureus.se\/pl\/wp-json\/wp\/v2\/types\/product"}],"wp:featuredmedia":[{"embeddable":true,"href":"https:\/\/secureus.se\/pl\/wp-json\/wp\/v2\/media\/137496"}],"wp:attachment":[{"href":"https:\/\/secureus.se\/pl\/wp-json\/wp\/v2\/media?parent=99785"}],"wp:term":[{"taxonomy":"product_brand","embeddable":true,"href":"https:\/\/secureus.se\/pl\/wp-json\/wp\/v2\/product_brand?post=99785"},{"taxonomy":"product_cat","embeddable":true,"href":"https:\/\/secureus.se\/pl\/wp-json\/wp\/v2\/product_cat?post=99785"},{"taxonomy":"product_tag","embeddable":true,"href":"https:\/\/secureus.se\/pl\/wp-json\/wp\/v2\/product_tag?post=99785"}],"curies":[{"name":"wp","href":"https:\/\/api.w.org\/{rel}","templated":true}]}}