{"id":99787,"date":"2024-10-17T11:47:39","date_gmt":"2024-10-17T09:47:39","guid":{"rendered":"https:\/\/secureus.se\/?post_type=product&#038;p=99787"},"modified":"2025-09-18T12:24:51","modified_gmt":"2025-09-18T10:24:51","slug":"fjaderpaket-tryckesfjader-s3-s4","status":"publish","type":"product","link":"https:\/\/secureus.se\/pl\/fjaderpaket-tryckesfjader-s3-s4\/","title":{"rendered":"Pakiet spr\u0119\u017cyn Spr\u0119\u017cyna dociskowa S3\/S4"},"content":{"rendered":"<p>\nZestaw zamienny ze spr\u0119\u017cyn\u0105 dociskow\u0105 do akcesori\u00f3w w\u0105skoprofilowych ASSA ABLOY S3 i S4 z dociskiem.<\/p>\n<div><b>Zawiera:<\/b><\/p>\n<ul>\n<li>Uchwyt spr\u0119\u017cyny\/podk\u0142adka wie\u017cy<\/li>\n<li>Pier\u015bcie\u0144 Seegera SGA16<\/li>\n<li>Spr\u0119\u017cyna dociskowa Epoka<\/li>\n<li>Podk\u0142adka zabezpieczaj\u0105ca S3, S4 Naci\u015bnij<\/li>\n<\/ul>\n<\/div>","protected":false},"excerpt":{"rendered":"<p>Zestaw zamienny ze spr\u0119\u017cyn\u0105 dociskow\u0105 do akcesori\u00f3w w\u0105skoprofilowych ASSA ABLOY S3 i S4 z dociskiem. Zawiera: Uchwyt spr\u0119\u017cyny\/Podk\u0142adk\u0119 wie\u017cy Pier\u015bcie\u0144 Seegera SGA16 Spr\u0119\u017cyna dociskowa Epok Podk\u0142adka zabezpieczaj\u0105ca S3, S4 Docisk<\/p>","protected":false},"featured_media":137478,"template":"","meta":{"_acf_changed":false},"product_brand":[],"product_cat":[4176],"product_tag":[],"class_list":{"0":"post-99787","1":"product","2":"type-product","3":"status-publish","4":"has-post-thumbnail","6":"product_cat-tillbehor-dorrhandtag","7":"product_shipping_class-postnord-varubrev","8":"pa_brands-abloy","9":"tm-no-options","11":"first","12":"outofstock","13":"taxable","14":"shipping-taxable","15":"purchasable","16":"product-type-simple"},"acf":[],"_links":{"self":[{"href":"https:\/\/secureus.se\/pl\/wp-json\/wp\/v2\/product\/99787","targetHints":{"allow":["GET"]}}],"collection":[{"href":"https:\/\/secureus.se\/pl\/wp-json\/wp\/v2\/product"}],"about":[{"href":"https:\/\/secureus.se\/pl\/wp-json\/wp\/v2\/types\/product"}],"wp:featuredmedia":[{"embeddable":true,"href":"https:\/\/secureus.se\/pl\/wp-json\/wp\/v2\/media\/137478"}],"wp:attachment":[{"href":"https:\/\/secureus.se\/pl\/wp-json\/wp\/v2\/media?parent=99787"}],"wp:term":[{"taxonomy":"product_brand","embeddable":true,"href":"https:\/\/secureus.se\/pl\/wp-json\/wp\/v2\/product_brand?post=99787"},{"taxonomy":"product_cat","embeddable":true,"href":"https:\/\/secureus.se\/pl\/wp-json\/wp\/v2\/product_cat?post=99787"},{"taxonomy":"product_tag","embeddable":true,"href":"https:\/\/secureus.se\/pl\/wp-json\/wp\/v2\/product_tag?post=99787"}],"curies":[{"name":"wp","href":"https:\/\/api.w.org\/{rel}","templated":true}]}}