{"id":99793,"date":"2024-10-17T11:47:40","date_gmt":"2024-10-17T09:47:40","guid":{"rendered":"https:\/\/secureus.se\/?post_type=product&#038;p=99793"},"modified":"2026-03-25T15:36:30","modified_gmt":"2026-03-25T14:36:30","slug":"splitpinne-520h-53mm","status":"publish","type":"product","link":"https:\/\/secureus.se\/pl\/splitpinne-520h-53mm\/","title":{"rendered":"Zawleczka 520H 53mm"},"content":{"rendered":"<div>ASSA ABLOY 520H to wrzeciono p\u00f3\u0142dociskowe stosowane do obud\u00f3w zamk\u00f3w elektrycznych i mechanicznych z funkcj\u0105 dzielonego wrzeciona. Stosowany r\u00f3wnie\u017c w armaturach ewakuacyjnych 179A, 179B, 179E, 179F, 179G i 179J.<\/p>\n<p><b>W\u0142a\u015bciwo\u015bci:<\/b><\/p>\n<ul>\n<li>\u015arednica: 8\u00d78 mm<\/li>\n<li>D\u0142ugo\u015b\u0107: 53 mm<\/li>\n<li>W zestawie ze spr\u0119\u017cyn\u0105 utrzymuj\u0105c\u0105 sworze\u0144 napr\u0119\u017cony w obudowie zamka<\/li>\n<\/ul>\n<\/div>","protected":false},"excerpt":{"rendered":"<p>ASSA ABLOY 520H to wrzeciono p\u00f3\u0142dociskowe stosowane do obud\u00f3w zamk\u00f3w elektrycznych i mechanicznych z funkcj\u0105 dzielonego wrzeciona. Stosowany r\u00f3wnie\u017c w armaturach ewakuacyjnych 179A, 179B, 179E, 179F, 179G i 179J. Cechy: \u015arednica: 8\u00d78<\/p>","protected":false},"featured_media":137469,"template":"","meta":{"_acf_changed":false},"product_brand":[],"product_cat":[4176],"product_tag":[],"class_list":{"0":"post-99793","1":"product","2":"type-product","3":"status-publish","4":"has-post-thumbnail","6":"product_cat-tillbehor-dorrhandtag","7":"product_shipping_class-postnord-varubrev","8":"pa_brands-abloy","9":"tm-no-options","11":"first","12":"instock","13":"taxable","14":"shipping-taxable","15":"purchasable","16":"product-type-simple"},"acf":[],"_links":{"self":[{"href":"https:\/\/secureus.se\/pl\/wp-json\/wp\/v2\/product\/99793","targetHints":{"allow":["GET"]}}],"collection":[{"href":"https:\/\/secureus.se\/pl\/wp-json\/wp\/v2\/product"}],"about":[{"href":"https:\/\/secureus.se\/pl\/wp-json\/wp\/v2\/types\/product"}],"wp:featuredmedia":[{"embeddable":true,"href":"https:\/\/secureus.se\/pl\/wp-json\/wp\/v2\/media\/137469"}],"wp:attachment":[{"href":"https:\/\/secureus.se\/pl\/wp-json\/wp\/v2\/media?parent=99793"}],"wp:term":[{"taxonomy":"product_brand","embeddable":true,"href":"https:\/\/secureus.se\/pl\/wp-json\/wp\/v2\/product_brand?post=99793"},{"taxonomy":"product_cat","embeddable":true,"href":"https:\/\/secureus.se\/pl\/wp-json\/wp\/v2\/product_cat?post=99793"},{"taxonomy":"product_tag","embeddable":true,"href":"https:\/\/secureus.se\/pl\/wp-json\/wp\/v2\/product_tag?post=99793"}],"curies":[{"name":"wp","href":"https:\/\/api.w.org\/{rel}","templated":true}]}}