{"id":99798,"date":"2024-10-17T11:47:40","date_gmt":"2024-10-17T09:47:40","guid":{"rendered":"https:\/\/secureus.se\/?post_type=product&#038;p=99798"},"modified":"2026-04-23T11:58:23","modified_gmt":"2026-04-23T09:58:23","slug":"tryckesskruv-sjalvborrande-kapbar-35-95mm","status":"publish","type":"product","link":"https:\/\/secureus.se\/pl\/tryckesskruv-sjalvborrande-kapbar-35-95mm\/","title":{"rendered":"Wkr\u0119t dociskowy Samowierc\u0105cy, mo\u017cna przyci\u0105\u0107 do 35-95 mm"},"content":{"rendered":"","protected":false},"excerpt":{"rendered":"<p>\nWkr\u0119t do ci\u0119cia do nadruku HOPPE z nylonowym pa\u0142\u0105kiem, pasuje do drzwi o grubo\u015bci 35-95 mm. Ocynkowany.<\/p>","protected":false},"featured_media":137459,"template":"","meta":{"_acf_changed":false},"product_brand":[],"product_cat":[4176],"product_tag":[],"class_list":{"0":"post-99798","1":"product","2":"type-product","3":"status-publish","4":"has-post-thumbnail","6":"product_cat-tillbehor-dorrhandtag","7":"product_shipping_class-postnord-varubrev","8":"pa_brands-hoppe","9":"tm-no-options","11":"first","12":"instock","13":"taxable","14":"shipping-taxable","15":"purchasable","16":"product-type-simple"},"acf":[],"_links":{"self":[{"href":"https:\/\/secureus.se\/pl\/wp-json\/wp\/v2\/product\/99798","targetHints":{"allow":["GET"]}}],"collection":[{"href":"https:\/\/secureus.se\/pl\/wp-json\/wp\/v2\/product"}],"about":[{"href":"https:\/\/secureus.se\/pl\/wp-json\/wp\/v2\/types\/product"}],"wp:featuredmedia":[{"embeddable":true,"href":"https:\/\/secureus.se\/pl\/wp-json\/wp\/v2\/media\/137459"}],"wp:attachment":[{"href":"https:\/\/secureus.se\/pl\/wp-json\/wp\/v2\/media?parent=99798"}],"wp:term":[{"taxonomy":"product_brand","embeddable":true,"href":"https:\/\/secureus.se\/pl\/wp-json\/wp\/v2\/product_brand?post=99798"},{"taxonomy":"product_cat","embeddable":true,"href":"https:\/\/secureus.se\/pl\/wp-json\/wp\/v2\/product_cat?post=99798"},{"taxonomy":"product_tag","embeddable":true,"href":"https:\/\/secureus.se\/pl\/wp-json\/wp\/v2\/product_tag?post=99798"}],"curies":[{"name":"wp","href":"https:\/\/api.w.org\/{rel}","templated":true}]}}