{"id":99800,"date":"2024-10-17T11:47:40","date_gmt":"2024-10-17T09:47:40","guid":{"rendered":"https:\/\/secureus.se\/?post_type=product&#038;p=99800"},"modified":"2026-04-23T12:02:36","modified_gmt":"2026-04-23T10:02:36","slug":"tryckespinne-8x145mm-slitsad","status":"publish","type":"product","link":"https:\/\/secureus.se\/pl\/tryckespinne-8x145mm-slitsad\/","title":{"rendered":"Trzpie\u0144 dociskowy 8X145mm Szczelinowy"},"content":{"rendered":"","protected":false},"excerpt":{"rendered":"<p>\nTrzpie\u0144 wio\u015blarski do klamek drzwiowych i okiennych, montowany na obudowach zamk\u00f3w za pomoc\u0105 wio\u015blarzy 8 mm.<\/p>\n<p><b>W\u0142a\u015bciwo\u015bci:<\/b><br \/>\n<\/p>\n<ul>\n<li>\u015arednica: 8\u00d78 mm<\/li>\n<li>D\u0142ugo\u015b\u0107: 145 mm<\/li>\n<li>W razie potrzeby mo\u017cna je przyci\u0105\u0107, je\u015bli drzwi s\u0105 cie\u0144sze<\/li>\n<\/ul>","protected":false},"featured_media":136033,"template":"","meta":{"_acf_changed":false},"product_brand":[],"product_cat":[4176],"product_tag":[],"class_list":{"0":"post-99800","1":"product","2":"type-product","3":"status-publish","4":"has-post-thumbnail","6":"product_cat-tillbehor-dorrhandtag","7":"product_shipping_class-postnord-varubrev","8":"pa_brands-sibes","9":"tm-no-options","11":"first","12":"instock","13":"taxable","14":"shipping-taxable","15":"purchasable","16":"product-type-simple"},"acf":[],"_links":{"self":[{"href":"https:\/\/secureus.se\/pl\/wp-json\/wp\/v2\/product\/99800","targetHints":{"allow":["GET"]}}],"collection":[{"href":"https:\/\/secureus.se\/pl\/wp-json\/wp\/v2\/product"}],"about":[{"href":"https:\/\/secureus.se\/pl\/wp-json\/wp\/v2\/types\/product"}],"wp:featuredmedia":[{"embeddable":true,"href":"https:\/\/secureus.se\/pl\/wp-json\/wp\/v2\/media\/136033"}],"wp:attachment":[{"href":"https:\/\/secureus.se\/pl\/wp-json\/wp\/v2\/media?parent=99800"}],"wp:term":[{"taxonomy":"product_brand","embeddable":true,"href":"https:\/\/secureus.se\/pl\/wp-json\/wp\/v2\/product_brand?post=99800"},{"taxonomy":"product_cat","embeddable":true,"href":"https:\/\/secureus.se\/pl\/wp-json\/wp\/v2\/product_cat?post=99800"},{"taxonomy":"product_tag","embeddable":true,"href":"https:\/\/secureus.se\/pl\/wp-json\/wp\/v2\/product_tag?post=99800"}],"curies":[{"name":"wp","href":"https:\/\/api.w.org\/{rel}","templated":true}]}}