{"id":99844,"date":"2024-10-17T11:47:40","date_gmt":"2024-10-17T09:47:40","guid":{"rendered":"https:\/\/secureus.se\/?post_type=product&#038;p=99844"},"modified":"2026-04-08T15:27:43","modified_gmt":"2026-04-08T13:27:43","slug":"traskruv-wh-s-tkft-45x45-a2-krom","status":"publish","type":"product","link":"https:\/\/secureus.se\/pl\/traskruv-wh-s-tkft-45x45-a2-krom\/","title":{"rendered":"Wkr\u0119t do drewna WH-S TKFT 4,5X45 A2 Chrom"},"content":{"rendered":"<div>ROCA WH-S to wkr\u0119t do drewna z \u0142bem sto\u017ckowym Torx umo\u017cliwiaj\u0105cy dyskretny i elastyczny monta\u017c na przyk\u0142ad klamek okiennych lub oku\u0107 okiennych. \u015aruba jest dost\u0119pna w r\u00f3\u017cnych modelach i wersjach wyko\u0144czenia powierzchni.<\/div>\n<div><b><br \/>W\u0142a\u015bciwo\u015bci:<\/b><\/div>\n<div>\n<ul>\n<li>Typ bitu: Torx T20<\/li>\n<li>Kszta\u0142t g\u0142owy: kopulasty<\/li>\n<li>\u015arednica gwintu: \u00d84,5 mm\u00a0<\/li>\n<li>D\u0142ugo\u015b\u0107: 45 mm<\/li>\n<li>Materia\u0142: stal nierdzewna (jako\u015b\u0107 A2)<\/li>\n<li>Obr\u00f3bka powierzchniowa: chromowana<\/li>\n<\/ul>\n<\/div>","protected":false},"excerpt":{"rendered":"<p>ROCA WH-S to wkr\u0119t do drewna z \u0142bem sto\u017ckowym Torx umo\u017cliwiaj\u0105cy dyskretny i elastyczny monta\u017c na przyk\u0142ad klamek okiennych lub oku\u0107 okiennych. \u015aruba jest dost\u0119pna w r\u00f3\u017cnych modelach i wersjach wyko\u0144czenia powierzchni. Cechy: Typ bitu: Torx T20<\/p>","protected":false},"featured_media":136026,"template":"","meta":{"_acf_changed":false},"product_brand":[],"product_cat":[4177,4176],"product_tag":[],"class_list":{"0":"post-99844","1":"product","2":"type-product","3":"status-publish","4":"has-post-thumbnail","6":"product_cat-tillbehor-spanjoletthandtag","7":"product_cat-tillbehor-dorrhandtag","8":"product_shipping_class-postnord-varubrev","9":"pa_brands-roca","10":"tm-no-options","12":"first","13":"instock","14":"taxable","15":"shipping-taxable","16":"purchasable","17":"product-type-simple"},"acf":[],"_links":{"self":[{"href":"https:\/\/secureus.se\/pl\/wp-json\/wp\/v2\/product\/99844","targetHints":{"allow":["GET"]}}],"collection":[{"href":"https:\/\/secureus.se\/pl\/wp-json\/wp\/v2\/product"}],"about":[{"href":"https:\/\/secureus.se\/pl\/wp-json\/wp\/v2\/types\/product"}],"wp:featuredmedia":[{"embeddable":true,"href":"https:\/\/secureus.se\/pl\/wp-json\/wp\/v2\/media\/136026"}],"wp:attachment":[{"href":"https:\/\/secureus.se\/pl\/wp-json\/wp\/v2\/media?parent=99844"}],"wp:term":[{"taxonomy":"product_brand","embeddable":true,"href":"https:\/\/secureus.se\/pl\/wp-json\/wp\/v2\/product_brand?post=99844"},{"taxonomy":"product_cat","embeddable":true,"href":"https:\/\/secureus.se\/pl\/wp-json\/wp\/v2\/product_cat?post=99844"},{"taxonomy":"product_tag","embeddable":true,"href":"https:\/\/secureus.se\/pl\/wp-json\/wp\/v2\/product_tag?post=99844"}],"curies":[{"name":"wp","href":"https:\/\/api.w.org\/{rel}","templated":true}]}}