{"id":99881,"date":"2024-10-17T11:47:37","date_gmt":"2024-10-17T09:47:37","guid":{"rendered":"https:\/\/secureus.se\/?post_type=product&#038;p=99881"},"modified":"2026-03-29T18:12:19","modified_gmt":"2026-03-29T16:12:19","slug":"sparranordning-84-vit","status":"publish","type":"product","link":"https:\/\/secureus.se\/pl\/sparranordning-84-vit\/","title":{"rendered":"Urz\u0105dzenie blokuj\u0105ce 84 \u2013 Naprawa 84 \u2013 Assa Abloy"},"content":{"rendered":"<div>ASSA ABLOY 84 to zamek do okien i drzwi okiennych, w kt\u00f3rych chcemy ograniczy\u0107 pozycj\u0119 otwarcia.<\/div>\n<div><b><br \/>\nW\u0142a\u015bciwo\u015bci: <\/b><\/div>\n<div>\n<ul>\n<li>Zatrzymuje \u0142uk w pozycji otwartej okre\u015blonej przez po\u0142o\u017cenie zatrzasku.<\/li>\n<li>Mo\u017cna go zwolni\u0107 poprzez wci\u015bni\u0119cie spr\u0119\u017cynowego zaczepu blokuj\u0105cego na podk\u0142adce zabezpieczaj\u0105cej i jednoczesne odpi\u0119cie liny.<\/li>\n<li>Pasuje zar\u00f3wno na praw\u0105, jak i lew\u0105 stron\u0119.<\/li>\n<li>UWAGA! Nieodpowiednie dla dzieci<\/li>\n<li>Zalecana \u015bruba: TKFX 3,5 mm. (w zestawie 4 szt. 3,5\u00d725 mm)\n<div><\/div>\n<\/li>\n<\/ul>\n<\/div>\n<div><\/div>\n<div><\/div>","protected":false},"excerpt":{"rendered":"<ul>\n<li>Zatrzymuje \u0142uk w pozycji otwartej okre\u015blonej przez po\u0142o\u017cenie zatrzasku.<\/li>\n<li>Mo\u017cna go zwolni\u0107 poprzez wci\u015bni\u0119cie spr\u0119\u017cynowego zaczepu blokuj\u0105cego na podk\u0142adce zabezpieczaj\u0105cej i jednoczesne odpi\u0119cie liny.<\/li>\n<li>Pasuje zar\u00f3wno na praw\u0105, jak i lew\u0105 stron\u0119.<\/li>\n<li>Zalecana \u015bruba: TKFX 3,5 mm. (w zestawie 4 szt. 3,5\u00d725 mm)<\/li>\n<\/ul>","protected":false},"featured_media":158382,"template":"","meta":{"_acf_changed":false},"product_brand":[],"product_cat":[4177],"product_tag":[],"class_list":{"0":"post-99881","1":"product","2":"type-product","3":"status-publish","4":"has-post-thumbnail","6":"product_cat-tillbehor-spanjoletthandtag","7":"product_shipping_class-postnord-varubrev","8":"pa_brands-abloy","9":"tm-no-options","11":"first","12":"instock","13":"sale","14":"taxable","15":"shipping-taxable","16":"purchasable","17":"product-type-simple"},"acf":[],"_links":{"self":[{"href":"https:\/\/secureus.se\/pl\/wp-json\/wp\/v2\/product\/99881","targetHints":{"allow":["GET"]}}],"collection":[{"href":"https:\/\/secureus.se\/pl\/wp-json\/wp\/v2\/product"}],"about":[{"href":"https:\/\/secureus.se\/pl\/wp-json\/wp\/v2\/types\/product"}],"wp:featuredmedia":[{"embeddable":true,"href":"https:\/\/secureus.se\/pl\/wp-json\/wp\/v2\/media\/158382"}],"wp:attachment":[{"href":"https:\/\/secureus.se\/pl\/wp-json\/wp\/v2\/media?parent=99881"}],"wp:term":[{"taxonomy":"product_brand","embeddable":true,"href":"https:\/\/secureus.se\/pl\/wp-json\/wp\/v2\/product_brand?post=99881"},{"taxonomy":"product_cat","embeddable":true,"href":"https:\/\/secureus.se\/pl\/wp-json\/wp\/v2\/product_cat?post=99881"},{"taxonomy":"product_tag","embeddable":true,"href":"https:\/\/secureus.se\/pl\/wp-json\/wp\/v2\/product_tag?post=99881"}],"curies":[{"name":"wp","href":"https:\/\/api.w.org\/{rel}","templated":true}]}}