{"id":99883,"date":"2024-10-17T11:47:37","date_gmt":"2024-10-17T09:47:37","guid":{"rendered":"https:\/\/secureus.se\/?post_type=product&#038;p=99883"},"modified":"2026-04-23T12:00:53","modified_gmt":"2026-04-23T10:00:53","slug":"handtagskoppling-961","status":"publish","type":"product","link":"https:\/\/secureus.se\/pl\/handtagskoppling-961\/","title":{"rendered":"Z\u0142\u0105cze uchwytu 961"},"content":{"rendered":"<p>ASSA ABLOY 961 to \u0142\u0105cznik klamkowy do \u0142\u0105czonych drzwi okiennych, kt\u00f3re musz\u0105 posiada\u0107 klamki po obu stronach. Sprz\u0119g\u0142o p\u0119ka, je\u015bli klamka zewn\u0119trzna jest przeci\u0105\u017cona, gdy klamka wewn\u0119trzna jest zablokowana, co powoduje uszkodzenie klamki zewn\u0119trznej. Skuteczna ochrona przed w\u0142amaniem.<\/p>\n<div>\n<p><b>W\u0142a\u015bciwo\u015bci:<\/b><\/p>\n<ul>\n<li>Szeroko\u015b\u0107: 22 mm<\/li>\n<li>D\u0142ugo\u015b\u0107: 60 mm<\/li>\n<li>Grubo\u015b\u0107 1,5 mm<\/li>\n<li>\u015arednica przy\u0142\u0105cza: \u00d8 16 mm<\/li>\n<li>Pasuje do uchwyt\u00f3w z trzpieniem 8 mm<\/li>\n<li>Zalecana \u015bruba: TFX 3,0 mm<\/li>\n<\/ul>\n<\/div>\n<div><\/div>","protected":false},"excerpt":{"rendered":"<p>ASSA ABLOY 961 to \u0142\u0105cznik klamkowy do \u0142\u0105czonych drzwi okiennych, kt\u00f3re musz\u0105 posiada\u0107 klamki po obu stronach. Sprz\u0119g\u0142o p\u0119ka, je\u015bli klamka zewn\u0119trzna jest przeci\u0105\u017cona, gdy klamka wewn\u0119trzna jest zablokowana, co powoduje uszkodzenie klamki zewn\u0119trznej.<\/p>","protected":false},"featured_media":136874,"template":"","meta":{"_acf_changed":false},"product_brand":[],"product_cat":[4177],"product_tag":[],"class_list":{"0":"post-99883","1":"product","2":"type-product","3":"status-publish","4":"has-post-thumbnail","6":"product_cat-tillbehor-spanjoletthandtag","7":"product_shipping_class-postnord-varubrev","8":"pa_brands-abloy","9":"tm-no-options","11":"first","12":"instock","13":"taxable","14":"shipping-taxable","15":"purchasable","16":"product-type-simple"},"acf":[],"_links":{"self":[{"href":"https:\/\/secureus.se\/pl\/wp-json\/wp\/v2\/product\/99883","targetHints":{"allow":["GET"]}}],"collection":[{"href":"https:\/\/secureus.se\/pl\/wp-json\/wp\/v2\/product"}],"about":[{"href":"https:\/\/secureus.se\/pl\/wp-json\/wp\/v2\/types\/product"}],"wp:featuredmedia":[{"embeddable":true,"href":"https:\/\/secureus.se\/pl\/wp-json\/wp\/v2\/media\/136874"}],"wp:attachment":[{"href":"https:\/\/secureus.se\/pl\/wp-json\/wp\/v2\/media?parent=99883"}],"wp:term":[{"taxonomy":"product_brand","embeddable":true,"href":"https:\/\/secureus.se\/pl\/wp-json\/wp\/v2\/product_brand?post=99883"},{"taxonomy":"product_cat","embeddable":true,"href":"https:\/\/secureus.se\/pl\/wp-json\/wp\/v2\/product_cat?post=99883"},{"taxonomy":"product_tag","embeddable":true,"href":"https:\/\/secureus.se\/pl\/wp-json\/wp\/v2\/product_tag?post=99883"}],"curies":[{"name":"wp","href":"https:\/\/api.w.org\/{rel}","templated":true}]}}