{"id":99896,"date":"2024-10-17T11:47:37","date_gmt":"2024-10-17T09:47:37","guid":{"rendered":"https:\/\/secureus.se\/?post_type=product&#038;p=99896"},"modified":"2026-04-23T11:59:38","modified_gmt":"2026-04-23T09:59:38","slug":"trekanttapp-56","status":"publish","type":"product","link":"https:\/\/secureus.se\/pl\/trekanttapp-56\/","title":{"rendered":"Czop tr\u00f3jk\u0105tny 56"},"content":{"rendered":"<p>ASSA ABLOY 56 to tr\u00f3jk\u0105tna zawleczka dla spanieli, kt\u00f3r\u0105 nale\u017cy obs\u0142ugiwa\u0107 kluczem tr\u00f3jk\u0105tnym 145. Nie zaleca si\u0119 stosowania tam, gdzie istnieje ryzyko samootwarcia (u\u017cyj zabezpieczenia 805 i r\u0105czki tr\u00f3jk\u0105tnej 811).<\/p>\n<p><b>W\u0142a\u015bciwo\u015bci:<\/b><\/p>\n<ul>\n<li>Wykonane z hartowanej stali ocynkowanej.<\/li>\n<li>Umieszczony na miejscu w wio\u015blarzu hiszpa\u0144skim i zabezpieczony odpowiedni\u0105 \u015brub\u0105.<\/li>\n<\/ul>","protected":false},"excerpt":{"rendered":"<p>ASSA ABLOY 56 to tr\u00f3jk\u0105tny ko\u0142ek dla spanieli, kt\u00f3ry nale\u017cy obs\u0142ugiwa\u0107 kluczem tr\u00f3jk\u0105tnym 145. Nie zaleca si\u0119, gdy istnieje ryzyko samootwarcia (u\u017cyj zabezpieczenia 805 i tr\u00f3jk\u0105tnej r\u0105czki 811). Cechy: Wykonane w<\/p>","protected":false},"featured_media":136839,"template":"","meta":{"_acf_changed":false},"product_brand":[],"product_cat":[4177],"product_tag":[],"class_list":{"0":"post-99896","1":"product","2":"type-product","3":"status-publish","4":"has-post-thumbnail","6":"product_cat-tillbehor-spanjoletthandtag","7":"product_shipping_class-postnord-varubrev","8":"pa_brands-abloy","9":"tm-no-options","11":"first","12":"instock","13":"sale","14":"taxable","15":"shipping-taxable","16":"purchasable","17":"product-type-simple"},"acf":[],"_links":{"self":[{"href":"https:\/\/secureus.se\/pl\/wp-json\/wp\/v2\/product\/99896","targetHints":{"allow":["GET"]}}],"collection":[{"href":"https:\/\/secureus.se\/pl\/wp-json\/wp\/v2\/product"}],"about":[{"href":"https:\/\/secureus.se\/pl\/wp-json\/wp\/v2\/types\/product"}],"wp:featuredmedia":[{"embeddable":true,"href":"https:\/\/secureus.se\/pl\/wp-json\/wp\/v2\/media\/136839"}],"wp:attachment":[{"href":"https:\/\/secureus.se\/pl\/wp-json\/wp\/v2\/media?parent=99896"}],"wp:term":[{"taxonomy":"product_brand","embeddable":true,"href":"https:\/\/secureus.se\/pl\/wp-json\/wp\/v2\/product_brand?post=99896"},{"taxonomy":"product_cat","embeddable":true,"href":"https:\/\/secureus.se\/pl\/wp-json\/wp\/v2\/product_cat?post=99896"},{"taxonomy":"product_tag","embeddable":true,"href":"https:\/\/secureus.se\/pl\/wp-json\/wp\/v2\/product_tag?post=99896"}],"curies":[{"name":"wp","href":"https:\/\/api.w.org\/{rel}","templated":true}]}}