{"id":99904,"date":"2024-10-17T11:47:38","date_gmt":"2024-10-17T09:47:38","guid":{"rendered":"https:\/\/secureus.se\/?post_type=product&#038;p=99904"},"modified":"2026-03-25T15:33:07","modified_gmt":"2026-03-25T14:33:07","slug":"handtagskoppling-833-30","status":"publish","type":"product","link":"https:\/\/secureus.se\/pl\/handtagskoppling-833-30\/","title":{"rendered":"Z\u0142\u0105cze uchwytu 833-30"},"content":{"rendered":"<p>\nASSA ABLOY 833 to po\u0142\u0105czenie klamkowe do drzwi okiennych, kt\u00f3re musz\u0105 posiada\u0107 klamki po obu stronach. Do prostego \u0142uku. Z\u0142\u0105cze p\u0119ka, je\u015bli klamka zewn\u0119trzna jest przeci\u0105\u017cona, gdy klamka wewn\u0119trzna jest zablokowana. W ten spos\u00f3b uchwyt zewn\u0119trzny jest wy\u0142\u0105czony. Skuteczna ochrona przed w\u0142amaniem.<\/p>\n<div><b><br \/><\/b><\/div>\n<div><b>W\u0142a\u015bciwo\u015bci:<\/b><\/p>\n<ul>\n<li>\u015arednica: \u00d8 16 mm<\/li>\n<li>D\u0142ugo\u015b\u0107: 30 mm<\/li>\n<li>Pasuje do uchwyt\u00f3w z trzpieniem 8 mm<\/li>\n<\/ul>\n<p><\/div>","protected":false},"excerpt":{"rendered":"<p>ASSA ABLOY 833 to po\u0142\u0105czenie klamkowe do drzwi okiennych, kt\u00f3re musz\u0105 posiada\u0107 klamki po obu stronach. Dla prostego \u0142uku. Z\u0142\u0105cze p\u0119ka, je\u015bli klamka zewn\u0119trzna jest przeci\u0105\u017cona, gdy klamka wewn\u0119trzna jest zablokowana. Przez nie wk\u0142ada si\u0119 uchwyt zewn\u0119trzny<\/p>","protected":false},"featured_media":136828,"template":"","meta":{"_acf_changed":false},"product_brand":[],"product_cat":[4177],"product_tag":[],"class_list":{"0":"post-99904","1":"product","2":"type-product","3":"status-publish","4":"has-post-thumbnail","6":"product_cat-tillbehor-spanjoletthandtag","7":"product_shipping_class-postnord-varubrev","8":"pa_brands-abloy","9":"tm-no-options","11":"first","12":"instock","13":"taxable","14":"shipping-taxable","15":"purchasable","16":"product-type-simple"},"acf":[],"_links":{"self":[{"href":"https:\/\/secureus.se\/pl\/wp-json\/wp\/v2\/product\/99904","targetHints":{"allow":["GET"]}}],"collection":[{"href":"https:\/\/secureus.se\/pl\/wp-json\/wp\/v2\/product"}],"about":[{"href":"https:\/\/secureus.se\/pl\/wp-json\/wp\/v2\/types\/product"}],"wp:featuredmedia":[{"embeddable":true,"href":"https:\/\/secureus.se\/pl\/wp-json\/wp\/v2\/media\/136828"}],"wp:attachment":[{"href":"https:\/\/secureus.se\/pl\/wp-json\/wp\/v2\/media?parent=99904"}],"wp:term":[{"taxonomy":"product_brand","embeddable":true,"href":"https:\/\/secureus.se\/pl\/wp-json\/wp\/v2\/product_brand?post=99904"},{"taxonomy":"product_cat","embeddable":true,"href":"https:\/\/secureus.se\/pl\/wp-json\/wp\/v2\/product_cat?post=99904"},{"taxonomy":"product_tag","embeddable":true,"href":"https:\/\/secureus.se\/pl\/wp-json\/wp\/v2\/product_tag?post=99904"}],"curies":[{"name":"wp","href":"https:\/\/api.w.org\/{rel}","templated":true}]}}