{"id":99927,"date":"2024-10-17T11:47:38","date_gmt":"2024-10-17T09:47:38","guid":{"rendered":"https:\/\/secureus.se\/?post_type=product&#038;p=99927"},"modified":"2026-04-08T15:34:25","modified_gmt":"2026-04-08T13:34:25","slug":"handtagssparr-840-krom","status":"publish","type":"product","link":"https:\/\/secureus.se\/pl\/handtagssparr-840-krom\/","title":{"rendered":"Zamek klamki 840 Chrom"},"content":{"rendered":"<p>\nASSA ABLOY 840 to zatrzask okienny do drzwi okiennych z klamk\u0105 spanielow\u0105, kt\u00f3ra musi by\u0107 zatrzaskiwana od wewn\u0105trz. <\/p>\n<p><b>W\u0142a\u015bciwo\u015bci:<\/b><br \/>\n<\/p>\n<ul>\n<li>Otwiera si\u0119 i zamyka r\u0119cznie. <\/li>\n<li>Blokuje si\u0119 w pozycji wci\u015bni\u0119tej.<\/li>\n<li>Obudowa zamka wykonana z metalu znalu. <\/li>\n<li>Uchwyt na palec z poliamidu, czarny.<\/li>\n<\/ul>","protected":false},"excerpt":{"rendered":"<p>ASSA ABLOY 840 to zatrzask okienny do drzwi okiennych z klamk\u0105 spanielow\u0105, kt\u00f3ra musi by\u0107 zatrzaskiwana od wewn\u0105trz. Cechy: Otwiera si\u0119 i zamyka r\u0119cznie. Blokuje si\u0119 w pozycji wci\u015bni\u0119tej. Obudowa zamka wykonana z metalu znalu. Poliamidowy uchwyt na palce,<\/p>","protected":false},"featured_media":136073,"template":"","meta":{"_acf_changed":false},"product_brand":[],"product_cat":[4177],"product_tag":[],"class_list":{"0":"post-99927","1":"product","2":"type-product","3":"status-publish","4":"has-post-thumbnail","6":"product_cat-tillbehor-spanjoletthandtag","7":"product_shipping_class-postnord-varubrev","8":"pa_brands-abloy","9":"tm-no-options","11":"first","12":"instock","13":"taxable","14":"shipping-taxable","15":"purchasable","16":"product-type-simple"},"acf":[],"_links":{"self":[{"href":"https:\/\/secureus.se\/pl\/wp-json\/wp\/v2\/product\/99927","targetHints":{"allow":["GET"]}}],"collection":[{"href":"https:\/\/secureus.se\/pl\/wp-json\/wp\/v2\/product"}],"about":[{"href":"https:\/\/secureus.se\/pl\/wp-json\/wp\/v2\/types\/product"}],"wp:featuredmedia":[{"embeddable":true,"href":"https:\/\/secureus.se\/pl\/wp-json\/wp\/v2\/media\/136073"}],"wp:attachment":[{"href":"https:\/\/secureus.se\/pl\/wp-json\/wp\/v2\/media?parent=99927"}],"wp:term":[{"taxonomy":"product_brand","embeddable":true,"href":"https:\/\/secureus.se\/pl\/wp-json\/wp\/v2\/product_brand?post=99927"},{"taxonomy":"product_cat","embeddable":true,"href":"https:\/\/secureus.se\/pl\/wp-json\/wp\/v2\/product_cat?post=99927"},{"taxonomy":"product_tag","embeddable":true,"href":"https:\/\/secureus.se\/pl\/wp-json\/wp\/v2\/product_tag?post=99927"}],"curies":[{"name":"wp","href":"https:\/\/api.w.org\/{rel}","templated":true}]}}