{"id":99930,"date":"2024-10-17T11:47:38","date_gmt":"2024-10-17T09:47:38","guid":{"rendered":"https:\/\/secureus.se\/?post_type=product&#038;p=99930"},"modified":"2026-03-25T15:37:15","modified_gmt":"2026-03-25T14:37:15","slug":"barnsakerhetssparr-184-svart","status":"publish","type":"product","link":"https:\/\/secureus.se\/pl\/barnsakerhetssparr-184-svart\/","title":{"rendered":"Blokada bezpiecze\u0144stwa dla dzieci FIX 184 Czarna \u2013 Assa Abloy"},"content":{"rendered":"<div>ASSA ABLOY 184 to zabezpieczenie przed dzie\u0107mi do okien i drzwi okiennych, w kt\u00f3rych chcesz ograniczy\u0107 pozycj\u0119 otwarcia.<\/div>\n<div><b><br \/>\nW\u0142a\u015bciwo\u015bci:<\/b><\/div>\n<div>\n<ul>\n<li>Spe\u0142nia wymagania normy SS 3587 dotycz\u0105cej ochrony dzieci.<\/li>\n<li>Linia drutu owini\u0119tego plastikiem<\/li>\n<li>Pokrywa ochronna ze stali malowanej proszkowo, pozosta\u0142e cz\u0119\u015bci z tworzywa acetalowego.<\/li>\n<li>Zatrzymuje \u0142uk w pozycji otwartej okre\u015blonej przez po\u0142o\u017cenie zatrzasku.<\/li>\n<li>Mo\u017cna go zwolni\u0107 poprzez wci\u015bni\u0119cie spr\u0119\u017cynowego zaczepu blokuj\u0105cego na podk\u0142adce zabezpieczaj\u0105cej i jednoczesne odpi\u0119cie liny.<\/li>\n<li>Zalecana \u015bruba: TKFX 3,5 mm.<\/li>\n<\/ul>\n<\/div>","protected":false},"excerpt":{"rendered":"<p>ASSA ABLOY 184 to zabezpieczenie przed dzie\u0107mi do okien i drzwi okiennych, w kt\u00f3rych chcesz ograniczy\u0107 pozycj\u0119 otwarcia. W\u0142a\u015bciwo\u015bci: Spe\u0142nia wymagania normy SS 3587 dotycz\u0105cej ochrony dzieci. Linia drutu owini\u0119tego tworzywem sztucznym Os\u0142ona ochronna malowana proszkowo<\/p>","protected":false},"featured_media":136822,"template":"","meta":{"_acf_changed":false},"product_brand":[],"product_cat":[4177],"product_tag":[],"class_list":{"0":"post-99930","1":"product","2":"type-product","3":"status-publish","4":"has-post-thumbnail","6":"product_cat-tillbehor-spanjoletthandtag","7":"product_shipping_class-postnord-varubrev","8":"pa_brands-abloy","9":"tm-no-options","11":"first","12":"instock","13":"sale","14":"taxable","15":"shipping-taxable","16":"purchasable","17":"product-type-simple"},"acf":[],"_links":{"self":[{"href":"https:\/\/secureus.se\/pl\/wp-json\/wp\/v2\/product\/99930","targetHints":{"allow":["GET"]}}],"collection":[{"href":"https:\/\/secureus.se\/pl\/wp-json\/wp\/v2\/product"}],"about":[{"href":"https:\/\/secureus.se\/pl\/wp-json\/wp\/v2\/types\/product"}],"wp:featuredmedia":[{"embeddable":true,"href":"https:\/\/secureus.se\/pl\/wp-json\/wp\/v2\/media\/136822"}],"wp:attachment":[{"href":"https:\/\/secureus.se\/pl\/wp-json\/wp\/v2\/media?parent=99930"}],"wp:term":[{"taxonomy":"product_brand","embeddable":true,"href":"https:\/\/secureus.se\/pl\/wp-json\/wp\/v2\/product_brand?post=99930"},{"taxonomy":"product_cat","embeddable":true,"href":"https:\/\/secureus.se\/pl\/wp-json\/wp\/v2\/product_cat?post=99930"},{"taxonomy":"product_tag","embeddable":true,"href":"https:\/\/secureus.se\/pl\/wp-json\/wp\/v2\/product_tag?post=99930"}],"curies":[{"name":"wp","href":"https:\/\/api.w.org\/{rel}","templated":true}]}}