{"id":99933,"date":"2024-10-17T11:47:39","date_gmt":"2024-10-17T09:47:39","guid":{"rendered":"https:\/\/secureus.se\/?post_type=product&#038;p=99933"},"modified":"2026-03-25T15:39:29","modified_gmt":"2026-03-25T14:39:29","slug":"sakerhetsanordning-805-8x43-krom","status":"publish","type":"product","link":"https:\/\/secureus.se\/pl\/sakerhetsanordning-805-8x43-krom\/","title":{"rendered":"Zabezpieczenie 805 8\u00d743 Chrom"},"content":{"rendered":"<div>ASA ABLOY 805 to drzwi bezpiecze\u0144stwa stosowane zamiast klamek w oknach, drzwiach okiennych i drzwiach szafek u spaniela, gdzie po\u017c\u0105dane jest bezpiecze\u0144stwo dziecka lub zabezpieczenie przed niepowo\u0142anym otwarciem. Nadaje si\u0119 do klatek schodowych, korytarzy, szpitali, domk\u00f3w dzieci\u0119cych i tym podobnych. Dopuszczenie typu jako okucie zabezpieczaj\u0105ce chroni\u0105ce dzieci. Wok\u00f3\u0142 tr\u00f3jk\u0105tnego sworznia znajduje si\u0119 spr\u0119\u017cynowa podk\u0142adka zabezpieczaj\u0105ca. Nale\u017cy go wcisn\u0105\u0107 w precyzyjne po\u0142o\u017cenie, aby ko\u0142ek m\u00f3g\u0142 si\u0119 obr\u00f3ci\u0107 i wp\u0142yn\u0105\u0107 na spaniela.<\/p>\n<div><\/div>\n<div><b>W\u0142a\u015bciwo\u015bci:<\/b><\/p>\n<ul>\n<li>Dopuszczenie typu jako okucie zabezpieczaj\u0105ce chroni\u0105ce dzieci.<\/li>\n<li>Pasuj\u0105cy uchwyt 811<\/li>\n<li>Sprint 8x 23\/33\/43\/53 mm z hartowanej stali. (Uwaga: trudne do ci\u0119cia.)<\/li>\n<li>Dost\u0119pne r\u00f3wnie\u017c ze \u015brub\u0105 7 mm<\/li>\n<li>Obudowa zamka wykonana z chromowanego metalu znalu.<\/li>\n<li>Szeroko\u015b\u0107: 25 mm<\/li>\n<li>Wysoko\u015b\u0107: 62 mm<\/li>\n<li>Mocowanie C\/C: 43 mm<\/li>\n<\/ul>\n<\/div>\n<\/div>\n<div><\/div>","protected":false},"excerpt":{"rendered":"<p>ASA ABLOY 805 to drzwi bezpiecze\u0144stwa stosowane zamiast klamek w oknach, drzwiach okiennych i drzwiach szafek u spaniela, gdzie po\u017c\u0105dane jest bezpiecze\u0144stwo dziecka lub zabezpieczenie przed niepowo\u0142anym otwarciem. Nadaje si\u0119 do klatek schodowych, korytarzy,<\/p>","protected":false},"featured_media":136808,"template":"","meta":{"_acf_changed":false},"product_brand":[],"product_cat":[4177],"product_tag":[],"class_list":{"0":"post-99933","1":"product","2":"type-product","3":"status-publish","4":"has-post-thumbnail","6":"product_cat-tillbehor-spanjoletthandtag","7":"product_shipping_class-postnord-varubrev","8":"pa_brands-abloy","9":"tm-no-options","11":"first","12":"instock","13":"taxable","14":"shipping-taxable","15":"purchasable","16":"product-type-simple"},"acf":[],"_links":{"self":[{"href":"https:\/\/secureus.se\/pl\/wp-json\/wp\/v2\/product\/99933","targetHints":{"allow":["GET"]}}],"collection":[{"href":"https:\/\/secureus.se\/pl\/wp-json\/wp\/v2\/product"}],"about":[{"href":"https:\/\/secureus.se\/pl\/wp-json\/wp\/v2\/types\/product"}],"wp:featuredmedia":[{"embeddable":true,"href":"https:\/\/secureus.se\/pl\/wp-json\/wp\/v2\/media\/136808"}],"wp:attachment":[{"href":"https:\/\/secureus.se\/pl\/wp-json\/wp\/v2\/media?parent=99933"}],"wp:term":[{"taxonomy":"product_brand","embeddable":true,"href":"https:\/\/secureus.se\/pl\/wp-json\/wp\/v2\/product_brand?post=99933"},{"taxonomy":"product_cat","embeddable":true,"href":"https:\/\/secureus.se\/pl\/wp-json\/wp\/v2\/product_cat?post=99933"},{"taxonomy":"product_tag","embeddable":true,"href":"https:\/\/secureus.se\/pl\/wp-json\/wp\/v2\/product_tag?post=99933"}],"curies":[{"name":"wp","href":"https:\/\/api.w.org\/{rel}","templated":true}]}}