{"id":99936,"date":"2024-10-17T11:47:39","date_gmt":"2024-10-17T09:47:39","guid":{"rendered":"https:\/\/secureus.se\/?post_type=product&#038;p=99936"},"modified":"2026-04-23T11:58:40","modified_gmt":"2026-04-23T09:58:40","slug":"bricka-1857t","status":"publish","type":"product","link":"https:\/\/secureus.se\/pl\/bricka-1857t\/","title":{"rendered":"Taca 1857T"},"content":{"rendered":"<div>ASSA ABLOY 1857T to pokrywa do stolarki, kt\u00f3ra posiada zamek typu spaniel lub plomb\u0119 i musi by\u0107 obs\u0142ugiwana za pomoc\u0105 kwadratowej r\u0119koje\u015bci 51 lub tr\u00f3jk\u0105tnego klucza 145. Nie zaleca si\u0119, gdy istnieje ryzyko samootwarcia (wtedy nale\u017cy zastosowa\u0107 zabezpieczenie 805 i tr\u00f3jk\u0105tn\u0105 r\u0119koje\u015b\u0107 811 ).<\/div>\n<div><b>W\u0142a\u015bciwo\u015bci:<\/b><\/p>\n<ul>\n<li>Szeroko\u015b\u0107: 23 mm<\/li>\n<li>Wysoko\u015b\u0107: 60 mm<\/li>\n<li>Wstawienie C\/C: 43 mm<\/li>\n<li>Zalecany wkr\u0119t: TKFX 3,0 mm<\/li>\n<\/ul>\n<\/div>\n<div><\/div>\n<div><\/div>","protected":false},"excerpt":{"rendered":"<p>ASSA ABLOY 1857T to nak\u0142adka do stolarki, kt\u00f3ra posiada zamek typu spaniel lub plomb\u0119 i musi by\u0107 obs\u0142ugiwana za pomoc\u0105 kwadratowej r\u0105czki 51 lub tr\u00f3jk\u0105tnego klucza 145. Niezalecana, gdy istnieje ryzyko samootwarcia<\/p>","protected":false},"featured_media":136245,"template":"","meta":{"_acf_changed":false},"product_brand":[],"product_cat":[4177],"product_tag":[],"class_list":{"0":"post-99936","1":"product","2":"type-product","3":"status-publish","4":"has-post-thumbnail","6":"product_cat-tillbehor-spanjoletthandtag","7":"product_shipping_class-postnord-varubrev","8":"pa_brands-abloy","9":"tm-no-options","11":"first","12":"instock","13":"taxable","14":"shipping-taxable","15":"purchasable","16":"product-type-simple"},"acf":[],"_links":{"self":[{"href":"https:\/\/secureus.se\/pl\/wp-json\/wp\/v2\/product\/99936","targetHints":{"allow":["GET"]}}],"collection":[{"href":"https:\/\/secureus.se\/pl\/wp-json\/wp\/v2\/product"}],"about":[{"href":"https:\/\/secureus.se\/pl\/wp-json\/wp\/v2\/types\/product"}],"wp:featuredmedia":[{"embeddable":true,"href":"https:\/\/secureus.se\/pl\/wp-json\/wp\/v2\/media\/136245"}],"wp:attachment":[{"href":"https:\/\/secureus.se\/pl\/wp-json\/wp\/v2\/media?parent=99936"}],"wp:term":[{"taxonomy":"product_brand","embeddable":true,"href":"https:\/\/secureus.se\/pl\/wp-json\/wp\/v2\/product_brand?post=99936"},{"taxonomy":"product_cat","embeddable":true,"href":"https:\/\/secureus.se\/pl\/wp-json\/wp\/v2\/product_cat?post=99936"},{"taxonomy":"product_tag","embeddable":true,"href":"https:\/\/secureus.se\/pl\/wp-json\/wp\/v2\/product_tag?post=99936"}],"curies":[{"name":"wp","href":"https:\/\/api.w.org\/{rel}","templated":true}]}}