{"id":99938,"date":"2024-10-17T11:47:39","date_gmt":"2024-10-17T09:47:39","guid":{"rendered":"https:\/\/secureus.se\/?post_type=product&#038;p=99938"},"modified":"2026-04-08T15:28:10","modified_gmt":"2026-04-08T13:28:10","slug":"handtagssparr-850-krom","status":"publish","type":"product","link":"https:\/\/secureus.se\/pl\/handtagssparr-850-krom\/","title":{"rendered":"Zamek klamki 850 Chrom"},"content":{"rendered":"<p>\nASSA ABLOY 850 to zamek okienny z homologacj\u0105 do wewn\u0119trznych drzwi okiennych, kt\u00f3ry musi by\u0107 wyposa\u017cony w okucia zabezpieczaj\u0105ce zgodnie z przepisami budowlanymi Szwedzkiego Urz\u0119du ds. Mieszkalnictwa.<\/p>\n<p><b>W\u0142a\u015bciwo\u015bci:<\/b><br \/>\n<\/p>\n<ul>\n<li>Automatycznie blokuje uchwyt po obr\u00f3ceniu do pozycji zamkni\u0119tej<\/li>\n<li>Aby otworzy\u0107 nale\u017cy podnie\u015b\u0107 zatrzask podczas obracania klamki<\/li>\n<li>Obudowa zamka wykonana z metalu znalu.<\/li>\n<li>Uchwyt na palec z poliamidu, bia\u0142y.<\/li>\n<\/ul>","protected":false},"excerpt":{"rendered":"<p>ASSA ABLOY 850 to zamek okienny z homologacj\u0105 do wewn\u0119trznych drzwi okiennych, kt\u00f3ry musi by\u0107 wyposa\u017cony w okucia zabezpieczaj\u0105ce zgodnie z przepisami budowlanymi Szwedzkiego Urz\u0119du ds. Mieszkalnictwa. Cechy: Automatycznie blokuje uchwyt po obr\u00f3ceniu do pozycji zamkni\u0119tej. Aby otworzy\u0107<\/p>","protected":false},"featured_media":136793,"template":"","meta":{"_acf_changed":false},"product_brand":[],"product_cat":[4177],"product_tag":[],"class_list":{"0":"post-99938","1":"product","2":"type-product","3":"status-publish","4":"has-post-thumbnail","6":"product_cat-tillbehor-spanjoletthandtag","7":"product_shipping_class-postnord-varubrev","8":"pa_brands-abloy","9":"tm-no-options","11":"first","12":"instock","13":"taxable","14":"shipping-taxable","15":"purchasable","16":"product-type-simple"},"acf":[],"_links":{"self":[{"href":"https:\/\/secureus.se\/pl\/wp-json\/wp\/v2\/product\/99938","targetHints":{"allow":["GET"]}}],"collection":[{"href":"https:\/\/secureus.se\/pl\/wp-json\/wp\/v2\/product"}],"about":[{"href":"https:\/\/secureus.se\/pl\/wp-json\/wp\/v2\/types\/product"}],"wp:featuredmedia":[{"embeddable":true,"href":"https:\/\/secureus.se\/pl\/wp-json\/wp\/v2\/media\/136793"}],"wp:attachment":[{"href":"https:\/\/secureus.se\/pl\/wp-json\/wp\/v2\/media?parent=99938"}],"wp:term":[{"taxonomy":"product_brand","embeddable":true,"href":"https:\/\/secureus.se\/pl\/wp-json\/wp\/v2\/product_brand?post=99938"},{"taxonomy":"product_cat","embeddable":true,"href":"https:\/\/secureus.se\/pl\/wp-json\/wp\/v2\/product_cat?post=99938"},{"taxonomy":"product_tag","embeddable":true,"href":"https:\/\/secureus.se\/pl\/wp-json\/wp\/v2\/product_tag?post=99938"}],"curies":[{"name":"wp","href":"https:\/\/api.w.org\/{rel}","templated":true}]}}