{"id":99942,"date":"2024-10-17T11:47:39","date_gmt":"2024-10-17T09:47:39","guid":{"rendered":"https:\/\/secureus.se\/?post_type=product&#038;p=99942"},"modified":"2026-04-08T15:29:00","modified_gmt":"2026-04-08T13:29:00","slug":"trekantshandtag-811-krom","status":"publish","type":"product","link":"https:\/\/secureus.se\/pl\/trekantshandtag-811-krom\/","title":{"rendered":"Uchwyt tr\u00f3jk\u0105tny 811 Chrom"},"content":{"rendered":"<p>\nASSA ABLOY 811 to uchwyt do obs\u0142ugi urz\u0105dzenia zabezpieczaj\u0105cego 805.\u00a0<\/p>\n<div><\/div>\n<div><b>W\u0142a\u015bciwo\u015bci:<\/b><\/p>\n<ul>\n<li>Kiedy r\u0119koje\u015b\u0107 jest obr\u00f3cona, \u0142uk mo\u017cna poci\u0105gn\u0105\u0107 do siebie za pomoc\u0105 r\u0105czki.<\/li>\n<li>Mo\u017cna to usun\u0105\u0107 tylko w pozycji zamkni\u0119tej.<\/li>\n<\/ul>\n<\/div>","protected":false},"excerpt":{"rendered":"<p>ASSA ABLOY 811 to uchwyt do obs\u0142ugi urz\u0105dzenia zabezpieczaj\u0105cego 805. W\u0142a\u015bciwo\u015bci: Kiedy korbka jest obr\u00f3cona, mo\u017cna j\u0105 wykorzysta\u0107 do przyci\u0105gni\u0119cia \u0142uku do siebie. Mo\u017cna to wyj\u0105\u0107 tylko po zamkni\u0119ciu<\/p>","protected":false},"featured_media":136777,"template":"","meta":{"_acf_changed":false},"product_brand":[],"product_cat":[4177],"product_tag":[],"class_list":{"0":"post-99942","1":"product","2":"type-product","3":"status-publish","4":"has-post-thumbnail","6":"product_cat-tillbehor-spanjoletthandtag","7":"product_shipping_class-postnord-varubrev","8":"pa_brands-abloy","9":"tm-no-options","11":"first","12":"instock","13":"taxable","14":"shipping-taxable","15":"purchasable","16":"product-type-simple"},"acf":[],"_links":{"self":[{"href":"https:\/\/secureus.se\/pl\/wp-json\/wp\/v2\/product\/99942","targetHints":{"allow":["GET"]}}],"collection":[{"href":"https:\/\/secureus.se\/pl\/wp-json\/wp\/v2\/product"}],"about":[{"href":"https:\/\/secureus.se\/pl\/wp-json\/wp\/v2\/types\/product"}],"wp:featuredmedia":[{"embeddable":true,"href":"https:\/\/secureus.se\/pl\/wp-json\/wp\/v2\/media\/136777"}],"wp:attachment":[{"href":"https:\/\/secureus.se\/pl\/wp-json\/wp\/v2\/media?parent=99942"}],"wp:term":[{"taxonomy":"product_brand","embeddable":true,"href":"https:\/\/secureus.se\/pl\/wp-json\/wp\/v2\/product_brand?post=99942"},{"taxonomy":"product_cat","embeddable":true,"href":"https:\/\/secureus.se\/pl\/wp-json\/wp\/v2\/product_cat?post=99942"},{"taxonomy":"product_tag","embeddable":true,"href":"https:\/\/secureus.se\/pl\/wp-json\/wp\/v2\/product_tag?post=99942"}],"curies":[{"name":"wp","href":"https:\/\/api.w.org\/{rel}","templated":true}]}}